{"id":23399,"date":"2026-02-23T22:33:33","date_gmt":"2026-02-24T01:33:33","guid":{"rendered":"https:\/\/www.editoralux.com.br\/loja\/?post_type=product&#038;p=23399"},"modified":"2026-02-23T22:38:24","modified_gmt":"2026-02-24T01:38:24","slug":"contemplacao-diversidade-coletanea-de-poesia","status":"publish","type":"product","link":"https:\/\/www.editoralux.com.br\/loja\/produto\/contemplacao-diversidade-coletanea-de-poesia\/","title":{"rendered":"Contempla\u00e7\u00e3o &#038; Diversidade: Colet\u00e2nea de Poesia"},"content":{"rendered":"","protected":false},"excerpt":{"rendered":"<p>&#8220;Contempla\u00e7\u00e3o &amp; Diversidade: Colet\u00e2nea de Poesias&#8221; \u00e9 um convite \u00e0 leitura que tem como objetivo proporcionar ao leitor uma viagem reflexiva. Esta viagem abrange temas como Deus, Jesus, a natureza, a gratid\u00e3o pela vida, o poder da ora\u00e7\u00e3o e a fam\u00edlia. A fam\u00edlia \u00e9 retratada como um elemento essencial na forma\u00e7\u00e3o da pessoa humana e da humanidade, destacando o nosso ser comunit\u00e1rio e situa\u00e7\u00f5es existenciais e do cotidiano.<\/p>\n<p>O livro tamb\u00e9m convida o leitor a conhecer os elementos universais que regem a nossa vida, tendo como princ\u00edpio de tudo Deus, o Alfa e o \u00d4mega do universo. Al\u00e9m disso, a colet\u00e2nea engloba uma s\u00e9rie de poemas que tratam da nossa ess\u00eancia como ser social. Estes poemas exploram nossas ra\u00edzes hist\u00f3ricas, culturais e valorativas, proporcionando um despertar para o conhecimento e o autoconhecimento.<\/p>\n<p>Cada leitor \u00e9 retratado como uma pessoa \u00fanica e singular, dotada de capacidades e com discernimento para fazer escolhas. O livro tamb\u00e9m aborda a supera\u00e7\u00e3o dos conflitos existenciais com f\u00e9, coragem, for\u00e7a e determina\u00e7\u00e3o. Portanto, embarque nesta viagem, pois a vida vai sorrir para voc\u00ea com gratid\u00e3o e alegria!<\/p>\n","protected":false},"featured_media":23401,"template":"","meta":{"_monsterinsights_skip_tracking":false,"_monsterinsights_sitenote_active":false,"_monsterinsights_sitenote_note":"","_monsterinsights_sitenote_category":0},"product_brand":[],"product_cat":[15],"product_tag":[],"class_list":{"0":"post-23399","1":"product","2":"type-product","3":"status-publish","4":"has-post-thumbnail","6":"product_cat-sem-categoria","7":"product_shipping_class-impresso","8":"pa_ano-1412","9":"pa_autor-zilda-conceicao-santos","10":"pa_editora-editora-lux","11":"pa_isbn-1431","12":"pa_quantidade-de-paginas-749","13":"pa_tipo-de-capa-brochura","15":"first","16":"instock","17":"purchasable","18":"product-type-simple"},"_links":{"self":[{"href":"https:\/\/www.editoralux.com.br\/loja\/wp-json\/wp\/v2\/product\/23399"}],"collection":[{"href":"https:\/\/www.editoralux.com.br\/loja\/wp-json\/wp\/v2\/product"}],"about":[{"href":"https:\/\/www.editoralux.com.br\/loja\/wp-json\/wp\/v2\/types\/product"}],"wp:featuredmedia":[{"embeddable":true,"href":"https:\/\/www.editoralux.com.br\/loja\/wp-json\/wp\/v2\/media\/23401"}],"wp:attachment":[{"href":"https:\/\/www.editoralux.com.br\/loja\/wp-json\/wp\/v2\/media?parent=23399"}],"wp:term":[{"taxonomy":"product_brand","embeddable":true,"href":"https:\/\/www.editoralux.com.br\/loja\/wp-json\/wp\/v2\/product_brand?post=23399"},{"taxonomy":"product_cat","embeddable":true,"href":"https:\/\/www.editoralux.com.br\/loja\/wp-json\/wp\/v2\/product_cat?post=23399"},{"taxonomy":"product_tag","embeddable":true,"href":"https:\/\/www.editoralux.com.br\/loja\/wp-json\/wp\/v2\/product_tag?post=23399"}],"curies":[{"name":"wp","href":"https:\/\/api.w.org\/{rel}","templated":true}]}}