{"id":23403,"date":"2026-02-23T22:41:22","date_gmt":"2026-02-24T01:41:22","guid":{"rendered":"https:\/\/www.editoralux.com.br\/loja\/?post_type=product&#038;p=23403"},"modified":"2026-02-24T14:52:02","modified_gmt":"2026-02-24T17:52:02","slug":"o-scarpin-da-prosperidade-12-passos-para-caminhar-com-proposito-rumo-a-sua-independencia-financeira","status":"publish","type":"product","link":"https:\/\/www.editoralux.com.br\/loja\/produto\/o-scarpin-da-prosperidade-12-passos-para-caminhar-com-proposito-rumo-a-sua-independencia-financeira\/","title":{"rendered":"O Scarpin Da Prosperidade: 12 Passos Para Caminhar Com Prop\u00f3sito Rumo \u00e0 Sua Independ\u00eancia Financeira"},"content":{"rendered":"","protected":false},"excerpt":{"rendered":"<p>Todos n\u00f3s temos uma hist\u00f3ria \u00fanica com o dinheiro. Algumas dessas hist\u00f3rias come\u00e7am com dificuldades financeiras, outras com escassez e algumas com desorganiza\u00e7\u00e3o. No entanto, todas essas hist\u00f3rias t\u00eam uma coisa em comum: a possibilidade de serem reescritas.<\/p>\n<p>No livro O Scarpin da Prosperidade, a autora V\u00e2nia Trindade vai al\u00e9m de simplesmente compartilhar t\u00e9cnicas financeiras. Ela abre seu cora\u00e7\u00e3o e revela, com autenticidade e coragem, sua pr\u00f3pria jornada de supera\u00e7\u00e3o, escolhas dif\u00edceis e reconstru\u00e7\u00e3o. O leitor \u00e9 conduzido por 12 passos pr\u00e1ticos e profundamente humanos para transformar a maneira como se relaciona com o dinheiro. N\u00e3o se trata de f\u00f3rmulas m\u00e1gicas, mas de clareza, consci\u00eancia e prop\u00f3sito.<\/p>\n<p>Este livro n\u00e3o \u00e9 apenas sobre finan\u00e7as. \u00c9 sobre liberdade de escolha. \u00c9 sobre criar uma vida com mais significado, alinhada aos seus valores, metas e sonhos. Se voc\u00ea sente que est\u00e1 na hora de assumir o controle da sua hist\u00f3ria financeira, esta leitura \u00e9 para voc\u00ea.<\/p>\n<p>Prosperar \u00e9 poss\u00edvel, independentemente de onde voc\u00ea partiu. Tudo come\u00e7a com uma decis\u00e3o. E o primeiro passo pode ser agora.<\/p>\n","protected":false},"featured_media":23407,"template":"","meta":{"_monsterinsights_skip_tracking":false,"_monsterinsights_sitenote_active":false,"_monsterinsights_sitenote_note":"","_monsterinsights_sitenote_category":0},"product_brand":[],"product_cat":[15],"product_tag":[],"class_list":{"0":"post-23403","1":"product","2":"type-product","3":"status-publish","4":"has-post-thumbnail","6":"product_cat-sem-categoria","7":"product_shipping_class-impresso","8":"pa_ano-1412","9":"pa_autor-vania-do-socorro-trindade-silva","10":"pa_editora-editora-lux","11":"pa_isbn-1433","12":"pa_quantidade-de-paginas-744","13":"pa_tipo-de-capa-brochura","15":"first","16":"instock","17":"purchasable","18":"product-type-simple"},"_links":{"self":[{"href":"https:\/\/www.editoralux.com.br\/loja\/wp-json\/wp\/v2\/product\/23403"}],"collection":[{"href":"https:\/\/www.editoralux.com.br\/loja\/wp-json\/wp\/v2\/product"}],"about":[{"href":"https:\/\/www.editoralux.com.br\/loja\/wp-json\/wp\/v2\/types\/product"}],"wp:featuredmedia":[{"embeddable":true,"href":"https:\/\/www.editoralux.com.br\/loja\/wp-json\/wp\/v2\/media\/23407"}],"wp:attachment":[{"href":"https:\/\/www.editoralux.com.br\/loja\/wp-json\/wp\/v2\/media?parent=23403"}],"wp:term":[{"taxonomy":"product_brand","embeddable":true,"href":"https:\/\/www.editoralux.com.br\/loja\/wp-json\/wp\/v2\/product_brand?post=23403"},{"taxonomy":"product_cat","embeddable":true,"href":"https:\/\/www.editoralux.com.br\/loja\/wp-json\/wp\/v2\/product_cat?post=23403"},{"taxonomy":"product_tag","embeddable":true,"href":"https:\/\/www.editoralux.com.br\/loja\/wp-json\/wp\/v2\/product_tag?post=23403"}],"curies":[{"name":"wp","href":"https:\/\/api.w.org\/{rel}","templated":true}]}}