{"id":23430,"date":"2026-02-24T20:36:19","date_gmt":"2026-02-24T23:36:19","guid":{"rendered":"https:\/\/www.editoralux.com.br\/loja\/produto\/hoje-e-como-ontem\/"},"modified":"2026-02-24T20:36:20","modified_gmt":"2026-02-24T23:36:20","slug":"hoje-e-como-ontem","status":"publish","type":"product","link":"https:\/\/www.editoralux.com.br\/loja\/produto\/hoje-e-como-ontem\/","title":{"rendered":"Hoje \u00e9 Como Ontem ?"},"content":{"rendered":"","protected":false},"excerpt":{"rendered":"<p>Nesta obra, os leitores encontrar\u00e3o relatos da realidade vivida h\u00e1 apenas alguns anos, com pequenas doses de fic\u00e3o e romance. A narrativa se desenrola em torno do caso dos t\u00edtulos falsos lan\u00e7ados no mercado brasileiro por um banco com preju\u00edzos na ordem dos bilh\u00f5es. A hist\u00f3ria \u00e9 ambientada em um cen\u00e1rio contempor\u00e2neo, onde a gan\u00e2ncia de quem j\u00e1 det\u00e9m grandes fortunas, ou n\u00e3o, busca incessantemente por mais, sem se importar com os meios utilizados.<\/p>\n<p>O romance revela, com um ritmo irresist\u00edvel, como pequenas escolhas individuais podem expor gigantescas estruturas de poder. Os personagens sofrem reviravoltas surpreendentes, demonstrando como, \u00e0s vezes, o mal atrai o mal at\u00e9 que os dois colapsem juntos. A trama \u00e9 repleta de tens\u00e3o e suspense, mantendo o leitor preso \u00e0 hist\u00f3ria.<\/p>\n<p>Este \u00e9 um thriller social profundamente brasileiro, onde ningu\u00e9m \u00e9 totalmente inocente ou mesmo seguro. A narrativa destaca que, acima de tudo, a verdade sempre encontra uma brecha para escapar ilesa. A obra \u00e9 um retrato cr\u00edtico e realista da sociedade contempor\u00e2nea, explorando temas como corrup\u00e7\u00e3o, gan\u00e2ncia e a busca incessante pelo poder.<\/p>\n","protected":false},"featured_media":23409,"template":"","meta":{"_monsterinsights_skip_tracking":false,"_monsterinsights_sitenote_active":false,"_monsterinsights_sitenote_note":"","_monsterinsights_sitenote_category":0},"product_brand":[],"product_cat":[15],"product_tag":[],"class_list":{"0":"post-23430","1":"product","2":"type-product","3":"status-publish","4":"has-post-thumbnail","6":"product_cat-sem-categoria","7":"product_shipping_class-impresso","8":"pa_ano-1412","9":"pa_autor-ireno-baptista-dos-santos","10":"pa_editora-editora-lux","11":"pa_isbn-1435","12":"pa_quantidade-de-paginas-1137","13":"pa_tipo-de-capa-brochura","15":"first","16":"instock","17":"purchasable","18":"product-type-simple"},"_links":{"self":[{"href":"https:\/\/www.editoralux.com.br\/loja\/wp-json\/wp\/v2\/product\/23430"}],"collection":[{"href":"https:\/\/www.editoralux.com.br\/loja\/wp-json\/wp\/v2\/product"}],"about":[{"href":"https:\/\/www.editoralux.com.br\/loja\/wp-json\/wp\/v2\/types\/product"}],"wp:featuredmedia":[{"embeddable":true,"href":"https:\/\/www.editoralux.com.br\/loja\/wp-json\/wp\/v2\/media\/23409"}],"wp:attachment":[{"href":"https:\/\/www.editoralux.com.br\/loja\/wp-json\/wp\/v2\/media?parent=23430"}],"wp:term":[{"taxonomy":"product_brand","embeddable":true,"href":"https:\/\/www.editoralux.com.br\/loja\/wp-json\/wp\/v2\/product_brand?post=23430"},{"taxonomy":"product_cat","embeddable":true,"href":"https:\/\/www.editoralux.com.br\/loja\/wp-json\/wp\/v2\/product_cat?post=23430"},{"taxonomy":"product_tag","embeddable":true,"href":"https:\/\/www.editoralux.com.br\/loja\/wp-json\/wp\/v2\/product_tag?post=23430"}],"curies":[{"name":"wp","href":"https:\/\/api.w.org\/{rel}","templated":true}]}}