{"id":23431,"date":"2026-02-24T20:36:19","date_gmt":"2026-02-24T23:36:19","guid":{"rendered":"https:\/\/www.editoralux.com.br\/loja\/produto\/eus-inquietos\/"},"modified":"2026-02-24T20:36:20","modified_gmt":"2026-02-24T23:36:20","slug":"eus-inquietos","status":"publish","type":"product","link":"https:\/\/www.editoralux.com.br\/loja\/produto\/eus-inquietos\/","title":{"rendered":"Eus inquietos"},"content":{"rendered":"","protected":false},"excerpt":{"rendered":"<p>Esta colet\u00e2nea de poesias e narrativas po\u00e9ticas oferece uma mistura intrigante de temas que tocam a alma humana. A terra, o homem, a vida, a luta, o sonho, a justi\u00e7a social, a f\u00e9, a esperan\u00e7a e a for\u00e7a motriz da resili\u00eancia s\u00e3o todos explorados com profundidade e sensibilidade. <\/p>\n<p>O livro tamb\u00e9m destaca a incr\u00edvel capacidade do sertanejo de enfrentar com maestria e dignidade as dificuldades da regi\u00e3o. A resist\u00eancia e a for\u00e7a de vontade desses indiv\u00edduos s\u00e3o retratadas de maneira v\u00edvida e inspiradora, proporcionando uma vis\u00e3o \u00fanica da vida no sert\u00e3o.<\/p>\n<p>Al\u00e9m disso, a obra faz uma rever\u00eancia \u00e0 flora e \u00e0 fauna brasileira, que enfrentam o desafio constante de conserva\u00e7\u00e3o, equil\u00edbrio ecol\u00f3gico e sustentabilidade humana. A import\u00e2ncia desses elementos para a sa\u00fade do planeta e a sobreviv\u00eancia de suas esp\u00e9cies \u00e9 enfatizada, destacando a necessidade urgente de prote\u00e7\u00e3o e preserva\u00e7\u00e3o.<\/p>\n<p>O tempo tamb\u00e9m \u00e9 um tema central na colet\u00e2nea, sendo retratado como a arena onde ocorrem todos os eventos da vida e o palco de toda exist\u00eancia e a\u00e7\u00e3o humana. As chamas do farol iluminam a consci\u00eancia da universalidade, inevitabilidade e transitoriedade, proporcionando uma reflex\u00e3o profunda sobre a natureza ef\u00eamera da vida.<\/p>\n<p>Finalmente, a obra apresenta uma s\u00e9rie de inquietudes e reflex\u00f5es, convidando o leitor a se engajar em um di\u00e1logo interno e a questionar suas pr\u00f3prias percep\u00e7\u00f5es e entendimentos.<\/p>\n","protected":false},"featured_media":23411,"template":"","meta":{"_monsterinsights_skip_tracking":false,"_monsterinsights_sitenote_active":false,"_monsterinsights_sitenote_note":"","_monsterinsights_sitenote_category":0},"product_brand":[],"product_cat":[15],"product_tag":[],"class_list":{"0":"post-23431","1":"product","2":"type-product","3":"status-publish","4":"has-post-thumbnail","6":"product_cat-sem-categoria","7":"product_shipping_class-impresso","8":"pa_ano-1412","9":"pa_autor-antonio-rodrigues-da-silva","10":"pa_editora-editora-lux","11":"pa_isbn-1437","12":"pa_quantidade-de-paginas-664","13":"pa_tipo-de-capa-brochura","15":"first","16":"instock","17":"purchasable","18":"product-type-simple"},"_links":{"self":[{"href":"https:\/\/www.editoralux.com.br\/loja\/wp-json\/wp\/v2\/product\/23431"}],"collection":[{"href":"https:\/\/www.editoralux.com.br\/loja\/wp-json\/wp\/v2\/product"}],"about":[{"href":"https:\/\/www.editoralux.com.br\/loja\/wp-json\/wp\/v2\/types\/product"}],"wp:featuredmedia":[{"embeddable":true,"href":"https:\/\/www.editoralux.com.br\/loja\/wp-json\/wp\/v2\/media\/23411"}],"wp:attachment":[{"href":"https:\/\/www.editoralux.com.br\/loja\/wp-json\/wp\/v2\/media?parent=23431"}],"wp:term":[{"taxonomy":"product_brand","embeddable":true,"href":"https:\/\/www.editoralux.com.br\/loja\/wp-json\/wp\/v2\/product_brand?post=23431"},{"taxonomy":"product_cat","embeddable":true,"href":"https:\/\/www.editoralux.com.br\/loja\/wp-json\/wp\/v2\/product_cat?post=23431"},{"taxonomy":"product_tag","embeddable":true,"href":"https:\/\/www.editoralux.com.br\/loja\/wp-json\/wp\/v2\/product_tag?post=23431"}],"curies":[{"name":"wp","href":"https:\/\/api.w.org\/{rel}","templated":true}]}}