{"id":23433,"date":"2026-02-24T20:36:19","date_gmt":"2026-02-24T23:36:19","guid":{"rendered":"https:\/\/www.editoralux.com.br\/loja\/produto\/justica-divina-e-os-conflitos-humanos\/"},"modified":"2026-02-24T20:36:20","modified_gmt":"2026-02-24T23:36:20","slug":"justica-divina-e-os-conflitos-humanos","status":"publish","type":"product","link":"https:\/\/www.editoralux.com.br\/loja\/produto\/justica-divina-e-os-conflitos-humanos\/","title":{"rendered":"Justi\u00e7a Divina e Os Conflitos Humanos"},"content":{"rendered":"","protected":false},"excerpt":{"rendered":"<p>A justi\u00e7a divina \u00e9 um enigma que ultrapassa a compreens\u00e3o humana. Este conceito, envolto em mist\u00e9rio, desafia nossa capacidade de entendimento e nos leva a questionar a natureza da justi\u00e7a em si. <\/p>\n<p>Enquanto buscamos justi\u00e7a em nosso mundo, somos confrontados com a realidade de que a justi\u00e7a humana \u00e9 falha e imperfeita. Esta constata\u00e7\u00e3o nos leva a uma reflex\u00e3o profunda sobre a natureza da justi\u00e7a e a necessidade de buscar uma forma mais perfeita e imparcial de justi\u00e7a.<\/p>\n<p>No entanto, surge a pergunta: E se a justi\u00e7a divina for diferente? E se ela n\u00e3o for apenas uma quest\u00e3o de puni\u00e7\u00e3o ou recompensa? Esta perspectiva nos leva a considerar a possibilidade de que a justi\u00e7a divina possa ser uma quest\u00e3o de reden\u00e7\u00e3o e amor, em vez de simplesmente uma quest\u00e3o de retribui\u00e7\u00e3o. Esta vis\u00e3o da justi\u00e7a divina nos desafia a repensar nossas pr\u00f3prias no\u00e7\u00f5es de justi\u00e7a e a buscar uma compreens\u00e3o mais profunda e abrangente da justi\u00e7a em nosso pr\u00f3prio mundo.<\/p>\n","protected":false},"featured_media":23415,"template":"","meta":{"_monsterinsights_skip_tracking":false,"_monsterinsights_sitenote_active":false,"_monsterinsights_sitenote_note":"","_monsterinsights_sitenote_category":0},"product_brand":[],"product_cat":[15],"product_tag":[],"class_list":{"0":"post-23433","1":"product","2":"type-product","3":"status-publish","4":"has-post-thumbnail","6":"product_cat-sem-categoria","7":"product_shipping_class-impresso","8":"pa_ano-1412","9":"pa_autor-claudio-alves-do-nascimento","10":"pa_editora-editora-lux","11":"pa_isbn-1441","12":"pa_quantidade-de-paginas-682","13":"pa_tipo-de-capa-brochura","15":"first","16":"instock","17":"purchasable","18":"product-type-simple"},"_links":{"self":[{"href":"https:\/\/www.editoralux.com.br\/loja\/wp-json\/wp\/v2\/product\/23433"}],"collection":[{"href":"https:\/\/www.editoralux.com.br\/loja\/wp-json\/wp\/v2\/product"}],"about":[{"href":"https:\/\/www.editoralux.com.br\/loja\/wp-json\/wp\/v2\/types\/product"}],"wp:featuredmedia":[{"embeddable":true,"href":"https:\/\/www.editoralux.com.br\/loja\/wp-json\/wp\/v2\/media\/23415"}],"wp:attachment":[{"href":"https:\/\/www.editoralux.com.br\/loja\/wp-json\/wp\/v2\/media?parent=23433"}],"wp:term":[{"taxonomy":"product_brand","embeddable":true,"href":"https:\/\/www.editoralux.com.br\/loja\/wp-json\/wp\/v2\/product_brand?post=23433"},{"taxonomy":"product_cat","embeddable":true,"href":"https:\/\/www.editoralux.com.br\/loja\/wp-json\/wp\/v2\/product_cat?post=23433"},{"taxonomy":"product_tag","embeddable":true,"href":"https:\/\/www.editoralux.com.br\/loja\/wp-json\/wp\/v2\/product_tag?post=23433"}],"curies":[{"name":"wp","href":"https:\/\/api.w.org\/{rel}","templated":true}]}}