{"id":23434,"date":"2026-02-24T20:36:19","date_gmt":"2026-02-24T23:36:19","guid":{"rendered":"https:\/\/www.editoralux.com.br\/loja\/produto\/principios-de-um-homem-inabalavel\/"},"modified":"2026-02-24T20:36:20","modified_gmt":"2026-02-24T23:36:20","slug":"principios-de-um-homem-inabalavel","status":"publish","type":"product","link":"https:\/\/www.editoralux.com.br\/loja\/produto\/principios-de-um-homem-inabalavel\/","title":{"rendered":"Princ\u00edpios De Um Homem Inabal\u00e1vel"},"content":{"rendered":"","protected":false},"excerpt":{"rendered":"<p>Este livro \u00e9 destinado a voc\u00ea, caso aspire a se tornar inabal\u00e1vel. Ao longo de suas p\u00e1ginas, voc\u00ea ter\u00e1 a oportunidade de desenvolver uma s\u00e9rie de habilidades e qualidades. Entre elas, uma postura de lideran\u00e7a, uma mente fria, calculista e blindada, maturidade espiritual e emocional, poder de atra\u00e7\u00e3o e dom\u00ednio pr\u00f3prio, foco, disciplina e for\u00e7a mental, car\u00e1ter inegoci\u00e1vel e uma presen\u00e7a que imp\u00f5e respeito.<\/p>\n<p>Se voc\u00ea deseja ser raro, dominante, impactante, forte, vencedor e imposs\u00edvel de manipular, este livro \u00e9 para voc\u00ea. Ele apresenta os princ\u00edpios que t\u00eam o poder de transformar um homem comum em um homem que o mundo n\u00e3o consegue dobrar. <\/p>\n<p>No entanto, esteja preparado: este livro vai mudar a sua mentalidade, a maneira como enxerga as pessoas e a forma como voc\u00ea caminha pelo mundo. Ele n\u00e3o \u00e9 apenas um livro. \u00c9 um manual do homem de valor. <\/p>\n<p>Portanto, seja bem-vindo ao processo. Seja bem-vindo ao homem que voc\u00ea nasceu para ser.<\/p>\n","protected":false},"featured_media":23417,"template":"","meta":{"_monsterinsights_skip_tracking":false,"_monsterinsights_sitenote_active":false,"_monsterinsights_sitenote_note":"","_monsterinsights_sitenote_category":0},"product_brand":[],"product_cat":[15],"product_tag":[],"class_list":{"0":"post-23434","1":"product","2":"type-product","3":"status-publish","4":"has-post-thumbnail","6":"product_cat-sem-categoria","7":"product_shipping_class-impresso","8":"pa_ano-1412","9":"pa_autor-don-lucca-saint","10":"pa_editora-editora-lux","11":"pa_isbn-1444","12":"pa_quantidade-de-paginas-1443","13":"pa_tipo-de-capa-brochura","15":"first","16":"instock","17":"purchasable","18":"product-type-simple"},"_links":{"self":[{"href":"https:\/\/www.editoralux.com.br\/loja\/wp-json\/wp\/v2\/product\/23434"}],"collection":[{"href":"https:\/\/www.editoralux.com.br\/loja\/wp-json\/wp\/v2\/product"}],"about":[{"href":"https:\/\/www.editoralux.com.br\/loja\/wp-json\/wp\/v2\/types\/product"}],"wp:featuredmedia":[{"embeddable":true,"href":"https:\/\/www.editoralux.com.br\/loja\/wp-json\/wp\/v2\/media\/23417"}],"wp:attachment":[{"href":"https:\/\/www.editoralux.com.br\/loja\/wp-json\/wp\/v2\/media?parent=23434"}],"wp:term":[{"taxonomy":"product_brand","embeddable":true,"href":"https:\/\/www.editoralux.com.br\/loja\/wp-json\/wp\/v2\/product_brand?post=23434"},{"taxonomy":"product_cat","embeddable":true,"href":"https:\/\/www.editoralux.com.br\/loja\/wp-json\/wp\/v2\/product_cat?post=23434"},{"taxonomy":"product_tag","embeddable":true,"href":"https:\/\/www.editoralux.com.br\/loja\/wp-json\/wp\/v2\/product_tag?post=23434"}],"curies":[{"name":"wp","href":"https:\/\/api.w.org\/{rel}","templated":true}]}}