{"id":23435,"date":"2026-02-24T20:36:19","date_gmt":"2026-02-24T23:36:19","guid":{"rendered":"https:\/\/www.editoralux.com.br\/loja\/produto\/hoje-sempre-e-alem\/"},"modified":"2026-02-24T20:36:21","modified_gmt":"2026-02-24T23:36:21","slug":"hoje-sempre-e-alem","status":"publish","type":"product","link":"https:\/\/www.editoralux.com.br\/loja\/produto\/hoje-sempre-e-alem\/","title":{"rendered":"Hoje, Sempre e Al\u00e9m"},"content":{"rendered":"","protected":false},"excerpt":{"rendered":"<p>Este livro \u00e9 um registro para a posteridade dos poemas com que a musa Claudia Cristina Ferrari declara nosso amor de forma sublime. O m\u00eas de junho, marcado pelos namorados e pelo meu anivers\u00e1rio, \u00e9 o cen\u00e1rio perfeito para essa celebra\u00e7\u00e3o. Claudia pretendia apenas um mimo de anivers\u00e1rio, mas \u00e9 uma verdade b\u00edblica que a luz n\u00e3o deve ser guardada embaixo da cama. Assim, esperamos que este mundo, assombrado por tanta treva, possa aprender a reconhecer a verdadeira luz.<\/p>\n<p>Al\u00e9m disso, este livro \u00e9 uma celebra\u00e7\u00e3o da musa que \u00e9 muito mais do que esposa. Ela \u00e9 minha melhor amiga, confidente, guardi\u00e3 e minha eterna namorada. Claudia \u00e9 a musa que veste nossas fantasias sem me mandar crescer, que ama nossa poesia sem me imputar fraqueza. Ela \u00e9 a musa que realiza nossos filmes de d\u00e9cadas atr\u00e1s sem me mandar modernizar, e que sabe ser comigo na Universidade, na \u00d3pera, em Casa, em qualquer ambiente.<\/p>\n<p>Por fim, Claudia \u00e9 a musa que, por fazer de cada hoje um encontro t\u00e3o primeiro e surpreendente, e do sempre t\u00e3o breve e insuficiente, faz do al\u00e9m nossa reuni\u00e3o triunfante e prevalente. Assim como o lema de Rose &#038; Jack era &#8220;I&#8217;ll Never Let Go&#8221; (Nunca Vou Desistir), e o de Satine &#038; Christian era &#8220;Come What May&#8221; (Haja O Que Houver), o nosso \u00e9 &#8220;Hoje, Sempre e Al\u00e9m&#8221;.<\/p>\n","protected":false},"featured_media":23419,"template":"","meta":{"_monsterinsights_skip_tracking":false,"_monsterinsights_sitenote_active":false,"_monsterinsights_sitenote_note":"","_monsterinsights_sitenote_category":0},"product_brand":[],"product_cat":[15],"product_tag":[],"class_list":{"0":"post-23435","1":"product","2":"type-product","3":"status-publish","4":"has-post-thumbnail","6":"product_cat-sem-categoria","7":"product_shipping_class-impresso","8":"pa_ano-1412","9":"pa_autor-alexandre-chiconelli-henriques","10":"pa_editora-editora-lux","11":"pa_isbn-1445","12":"pa_quantidade-de-paginas-883","13":"pa_tipo-de-capa-brochura","15":"first","16":"instock","17":"purchasable","18":"product-type-simple"},"_links":{"self":[{"href":"https:\/\/www.editoralux.com.br\/loja\/wp-json\/wp\/v2\/product\/23435"}],"collection":[{"href":"https:\/\/www.editoralux.com.br\/loja\/wp-json\/wp\/v2\/product"}],"about":[{"href":"https:\/\/www.editoralux.com.br\/loja\/wp-json\/wp\/v2\/types\/product"}],"wp:featuredmedia":[{"embeddable":true,"href":"https:\/\/www.editoralux.com.br\/loja\/wp-json\/wp\/v2\/media\/23419"}],"wp:attachment":[{"href":"https:\/\/www.editoralux.com.br\/loja\/wp-json\/wp\/v2\/media?parent=23435"}],"wp:term":[{"taxonomy":"product_brand","embeddable":true,"href":"https:\/\/www.editoralux.com.br\/loja\/wp-json\/wp\/v2\/product_brand?post=23435"},{"taxonomy":"product_cat","embeddable":true,"href":"https:\/\/www.editoralux.com.br\/loja\/wp-json\/wp\/v2\/product_cat?post=23435"},{"taxonomy":"product_tag","embeddable":true,"href":"https:\/\/www.editoralux.com.br\/loja\/wp-json\/wp\/v2\/product_tag?post=23435"}],"curies":[{"name":"wp","href":"https:\/\/api.w.org\/{rel}","templated":true}]}}