{"id":23436,"date":"2026-02-24T20:36:19","date_gmt":"2026-02-24T23:36:19","guid":{"rendered":"https:\/\/www.editoralux.com.br\/loja\/produto\/o-habito-do-doutor-com-ela-a-mesa-do-senhor\/"},"modified":"2026-02-24T20:36:21","modified_gmt":"2026-02-24T23:36:21","slug":"o-habito-do-doutor-com-ela-a-mesa-do-senhor","status":"publish","type":"product","link":"https:\/\/www.editoralux.com.br\/loja\/produto\/o-habito-do-doutor-com-ela-a-mesa-do-senhor\/","title":{"rendered":"O H\u00e1bito do Doutor: Com Ela \u00e0 Mesa Do Senhor"},"content":{"rendered":"","protected":false},"excerpt":{"rendered":"<p>Nesta obra, o autor compartilha sua jornada pessoal de convers\u00e3o ao catolicismo. O processo \u00e9 complexo e envolve uma s\u00e9rie de personagens e eventos significativos: uma crian\u00e7a n\u00e3o batizada, um jurista, Mestre e Doutorando em seu saber, a mulher mais amada, o legado de Francisco e a chegada de Le\u00e3o XIV. Todos esses elementos se unem para permitir que o estudioso se sente com sua amada \u00e0 mais Santa Mesa.<\/p>\n<p>Al\u00e9m de ser uma narrativa pessoal, o livro tamb\u00e9m serve como um alerta respeitoso. De acordo com um estudo da Faculdade Teol\u00f3gica Sul-Americana, apenas 10% dos Pastores possuem Bacharelado em Teologia. Em contraste, os Padres s\u00e3o obrigados a cumprir requisitos formais para serem ordenados, incluindo a conclus\u00e3o do semin\u00e1rio e a Gradua\u00e7\u00e3o em Filosofia e Teologia.<\/p>\n<p>O autor tamb\u00e9m destaca a import\u00e2ncia do legado cat\u00f3lico na forma\u00e7\u00e3o da sociedade como a conhecemos. O calend\u00e1rio que usamos hoje foi criado pelo Papa Greg\u00f3rio XIII em 1582. Al\u00e9m disso, devemos muito ao Padre Bo\u00e9cio, que traduziu muitos dos textos cl\u00e1ssicos de Plat\u00e3o e Arist\u00f3teles no s\u00e9culo VI. E, claro, a B\u00edblia, que alimenta os esp\u00edritos de tantos, foi traduzida para o latim por S\u00e3o Jer\u00f4nimo no s\u00e9culo IV.<\/p>\n<p>O autor conclui com uma cr\u00edtica aos credos que se rebelam contra esse legado filos\u00f3fico-teol\u00f3gico-intelectual. Ele questiona se \u00e9 justo desconsiderar a contribui\u00e7\u00e3o do catolicismo para a sociedade, incluindo o calend\u00e1rio, os cl\u00e1ssicos e a pr\u00f3pria B\u00edblia.<\/p>\n","protected":false},"featured_media":23421,"template":"","meta":{"_monsterinsights_skip_tracking":false,"_monsterinsights_sitenote_active":false,"_monsterinsights_sitenote_note":"","_monsterinsights_sitenote_category":0},"product_brand":[],"product_cat":[15],"product_tag":[],"class_list":{"0":"post-23436","1":"product","2":"type-product","3":"status-publish","4":"has-post-thumbnail","6":"product_cat-sem-categoria","7":"product_shipping_class-impresso","8":"pa_ano-1412","9":"pa_autor-alexandre-chiconelli-henriques","10":"pa_editora-editora-lux","11":"pa_isbn-1446","12":"pa_quantidade-de-paginas-1361","13":"pa_tipo-de-capa-brochura","15":"first","16":"instock","17":"purchasable","18":"product-type-simple"},"_links":{"self":[{"href":"https:\/\/www.editoralux.com.br\/loja\/wp-json\/wp\/v2\/product\/23436"}],"collection":[{"href":"https:\/\/www.editoralux.com.br\/loja\/wp-json\/wp\/v2\/product"}],"about":[{"href":"https:\/\/www.editoralux.com.br\/loja\/wp-json\/wp\/v2\/types\/product"}],"wp:featuredmedia":[{"embeddable":true,"href":"https:\/\/www.editoralux.com.br\/loja\/wp-json\/wp\/v2\/media\/23421"}],"wp:attachment":[{"href":"https:\/\/www.editoralux.com.br\/loja\/wp-json\/wp\/v2\/media?parent=23436"}],"wp:term":[{"taxonomy":"product_brand","embeddable":true,"href":"https:\/\/www.editoralux.com.br\/loja\/wp-json\/wp\/v2\/product_brand?post=23436"},{"taxonomy":"product_cat","embeddable":true,"href":"https:\/\/www.editoralux.com.br\/loja\/wp-json\/wp\/v2\/product_cat?post=23436"},{"taxonomy":"product_tag","embeddable":true,"href":"https:\/\/www.editoralux.com.br\/loja\/wp-json\/wp\/v2\/product_tag?post=23436"}],"curies":[{"name":"wp","href":"https:\/\/api.w.org\/{rel}","templated":true}]}}