{"id":23439,"date":"2026-02-24T20:36:19","date_gmt":"2026-02-24T23:36:19","guid":{"rendered":"https:\/\/www.editoralux.com.br\/loja\/produto\/o-direito-e-o-humano-na-era-digital-tecnologias-vulnerabilidades-e-novas-formas-de-protecao-juridica\/"},"modified":"2026-02-25T06:45:40","modified_gmt":"2026-02-25T09:45:40","slug":"o-direito-e-o-humano-na-era-digital-tecnologias-vulnerabilidades-e-novas-formas-de-protecao-juridica","status":"publish","type":"product","link":"https:\/\/www.editoralux.com.br\/loja\/produto\/o-direito-e-o-humano-na-era-digital-tecnologias-vulnerabilidades-e-novas-formas-de-protecao-juridica\/","title":{"rendered":"O direito e o humano na era digital: tecnologias, vulnerabilidades e novas formas de prote\u00e7\u00e3o jur\u00eddica"},"content":{"rendered":"","protected":false},"excerpt":{"rendered":"<p>Vivemos em uma sociedade cada vez mais mediada por telas, onde o Direito \u00e9 constantemente desafiado a se adequar. O livro &#8220;O Direito e o Humano na Era Digital&#8221; apresenta uma an\u00e1lise cuidadosa e atualizada sobre como a tecnologia vem transformando identidades, rela\u00e7\u00f5es familiares, transmiss\u00e3o de patrim\u00f4nio, seguran\u00e7a, privacidade e o funcionamento das institui\u00e7\u00f5es jur\u00eddicas. A obra \u00e9 escrita por mulheres juristas que atuam diretamente nos temas abordados, percorrendo desde a moderniza\u00e7\u00e3o dos servi\u00e7os notariais e registrais at\u00e9 quest\u00f5es sens\u00edveis do Direito das fam\u00edlias, como prote\u00e7\u00e3o de vulner\u00e1veis e novas modalidades de viol\u00eancias que emergem na intimidade virtual.<\/p>\n<p>Diversos assuntos s\u00e3o tratados na obra para demonstrar como o sistema jur\u00eddico deve responder de maneira humana, eficiente e \u00e9tica. Entre eles, a pr\u00e1tica eletr\u00f4nica de atos notariais, o instituto da adjudica\u00e7\u00e3o compuls\u00f3ria extrajudicial, a partilha de bens digitais em jogos on-line, a responsabiliza\u00e7\u00e3o parental frente aos riscos de crian\u00e7as em jogos virtuais, o estelionato afetivo, o cyberstalking, a constru\u00e7\u00e3o da futura Lei Brasileira de Intelig\u00eancia Artificial e a media\u00e7\u00e3o extrajudicial.<\/p>\n<p>Com linguagem clara e rigor t\u00e9cnico, este livro entrega ao leitor uma vis\u00e3o contempor\u00e2nea, cr\u00edtica e respons\u00e1vel sobre os desafios jur\u00eddicos e os benef\u00edcios pr\u00e1ticos da era digital. A obra reafirma que, mesmo diante das inova\u00e7\u00f5es, a dignidade humana permanece como eixo central de toda evolu\u00e7\u00e3o normativa.<\/p>\n","protected":false},"featured_media":23427,"template":"","meta":{"_monsterinsights_skip_tracking":false,"_monsterinsights_sitenote_active":false,"_monsterinsights_sitenote_note":"","_monsterinsights_sitenote_category":0},"product_brand":[],"product_cat":[15],"product_tag":[],"class_list":{"0":"post-23439","1":"product","2":"type-product","3":"status-publish","4":"has-post-thumbnail","6":"product_cat-sem-categoria","7":"product_shipping_class-impresso","8":"pa_ano-1412","9":"pa_autor-francini-fonseca-zanovello","10":"pa_editora-editora-lux","11":"pa_isbn-1450","12":"pa_quantidade-de-paginas-801","13":"pa_tipo-de-capa-brochura","15":"first","16":"instock","17":"purchasable","18":"product-type-simple"},"_links":{"self":[{"href":"https:\/\/www.editoralux.com.br\/loja\/wp-json\/wp\/v2\/product\/23439"}],"collection":[{"href":"https:\/\/www.editoralux.com.br\/loja\/wp-json\/wp\/v2\/product"}],"about":[{"href":"https:\/\/www.editoralux.com.br\/loja\/wp-json\/wp\/v2\/types\/product"}],"wp:featuredmedia":[{"embeddable":true,"href":"https:\/\/www.editoralux.com.br\/loja\/wp-json\/wp\/v2\/media\/23427"}],"wp:attachment":[{"href":"https:\/\/www.editoralux.com.br\/loja\/wp-json\/wp\/v2\/media?parent=23439"}],"wp:term":[{"taxonomy":"product_brand","embeddable":true,"href":"https:\/\/www.editoralux.com.br\/loja\/wp-json\/wp\/v2\/product_brand?post=23439"},{"taxonomy":"product_cat","embeddable":true,"href":"https:\/\/www.editoralux.com.br\/loja\/wp-json\/wp\/v2\/product_cat?post=23439"},{"taxonomy":"product_tag","embeddable":true,"href":"https:\/\/www.editoralux.com.br\/loja\/wp-json\/wp\/v2\/product_tag?post=23439"}],"curies":[{"name":"wp","href":"https:\/\/api.w.org\/{rel}","templated":true}]}}