{"id":23446,"date":"2026-03-09T19:51:12","date_gmt":"2026-03-09T22:51:12","guid":{"rendered":"https:\/\/www.editoralux.com.br\/loja\/?post_type=product&#038;p=23446"},"modified":"2026-05-04T10:36:56","modified_gmt":"2026-05-04T13:36:56","slug":"relatos-de-uma-paixao-em-vermelho-e-preto-volume-iii","status":"publish","type":"product","link":"https:\/\/www.editoralux.com.br\/loja\/produto\/relatos-de-uma-paixao-em-vermelho-e-preto-volume-iii\/","title":{"rendered":"Relatos De Uma Paix\u00e3o Em Vermelho e Preto &#8211; Volume III"},"content":{"rendered":"","protected":false},"excerpt":{"rendered":"<p>Ao abrir este terceiro volume de &#8220;Relatos de umo Paix\u00e3o em Vermelho e Preto, o leitor \u00e0 convidado a mergulhar em hist\u00f3rias que n\u00e3o apenas celebram o amor pelo Flamengo, al\u00e9m disso revelam as v\u00ednculos profundos entre o clube.<br \/>\nEste volume re\u00fane cr\u00f4nicas de torcedores que, ao narrar suas paix\u00f5es e viv\u00eancias, revivem a tradi\u00e7\u00e3o de um clube que \u00e9 s\u00edmbolo n\u00e3o apenas de conquistas em campo, mas tamb\u00e9m de encontros, mem\u00f3rias e la\u00e7os hist\u00f3ricos. Ao leitor, desejo que cada p\u00e1gina reacenda a chama que s\u00f3 quem \u00e9 Flamengo entende: a paix\u00e3o que transforma hist\u00f3ria em eternidade.<br \/>\nWalter Oaquim &#8211; Advogado e grande benem\u00e9rito do Clube de Regatas do Flamengo<\/p>\n","protected":false},"featured_media":23451,"template":"","meta":{"_monsterinsights_skip_tracking":false,"_monsterinsights_sitenote_active":false,"_monsterinsights_sitenote_note":"","_monsterinsights_sitenote_category":0},"product_brand":[],"product_cat":[15],"product_tag":[],"class_list":{"0":"post-23446","1":"product","2":"type-product","3":"status-publish","4":"has-post-thumbnail","6":"product_cat-sem-categoria","7":"product_shipping_class-impresso","8":"pa_ano-1412","9":"pa_autor-oswaldo-luiz-humbert-fonseca","10":"pa_editora-editora-lux","11":"pa_isbn-1455","12":"pa_quantidade-de-paginas-787","13":"pa_tipo-de-capa-brochura","15":"first","16":"instock","17":"purchasable","18":"product-type-simple"},"_links":{"self":[{"href":"https:\/\/www.editoralux.com.br\/loja\/wp-json\/wp\/v2\/product\/23446"}],"collection":[{"href":"https:\/\/www.editoralux.com.br\/loja\/wp-json\/wp\/v2\/product"}],"about":[{"href":"https:\/\/www.editoralux.com.br\/loja\/wp-json\/wp\/v2\/types\/product"}],"wp:featuredmedia":[{"embeddable":true,"href":"https:\/\/www.editoralux.com.br\/loja\/wp-json\/wp\/v2\/media\/23451"}],"wp:attachment":[{"href":"https:\/\/www.editoralux.com.br\/loja\/wp-json\/wp\/v2\/media?parent=23446"}],"wp:term":[{"taxonomy":"product_brand","embeddable":true,"href":"https:\/\/www.editoralux.com.br\/loja\/wp-json\/wp\/v2\/product_brand?post=23446"},{"taxonomy":"product_cat","embeddable":true,"href":"https:\/\/www.editoralux.com.br\/loja\/wp-json\/wp\/v2\/product_cat?post=23446"},{"taxonomy":"product_tag","embeddable":true,"href":"https:\/\/www.editoralux.com.br\/loja\/wp-json\/wp\/v2\/product_tag?post=23446"}],"curies":[{"name":"wp","href":"https:\/\/api.w.org\/{rel}","templated":true}]}}