{"id":23447,"date":"2026-03-09T19:51:12","date_gmt":"2026-03-09T22:51:12","guid":{"rendered":"https:\/\/www.editoralux.com.br\/loja\/?post_type=product&#038;p=23447"},"modified":"2026-03-09T19:55:18","modified_gmt":"2026-03-09T22:55:18","slug":"com-o-olhar-no-infindo-as-distancias-do-imaginario","status":"publish","type":"product","link":"https:\/\/www.editoralux.com.br\/loja\/produto\/com-o-olhar-no-infindo-as-distancias-do-imaginario\/","title":{"rendered":"Com o Olhar no Infindo: As Dist\u00e2ncias do Imagin\u00e1rio"},"content":{"rendered":"","protected":false},"excerpt":{"rendered":"<p>Poesia (po\u00edesi), de origem grega, tem sentido de \u201ccriar\u201d. Uma frase do fil\u00f3sofo Arist\u00f3teles adverte: \u201cPoesia \u00e9 t\u00e3o somente um impulso do esp\u00edrito para criar a partir da imagina\u00e7\u00e3o e dos sentimentos\u201d \u2013 pr\u00f3prio do ser humano.<br \/>\nPodemos entender a poesia como a arte de escrever, transcrever o imagin\u00e1rio, numa estrutura escrita em versos e prosas. Relatar fatos reais e imagin\u00e1rios, talvez por vislumbrar al\u00e9m de suas fronteiras. Tamb\u00e9m como proposta de avalia\u00e7\u00e3o dos impactos de uma a\u00e7\u00e3o e preocupar-se tamb\u00e9m com seus impactos, entrela\u00e7ados e organizados pelo pensar de quem escreve.<br \/>\nAssim, o leitor poder\u00e1 empreender uma viagem imagin\u00e1ria em cada texto proposto, ou mesmo fazer um mergulho de modo que v\u00e3o-se descobrindo novidades que somente s\u00e3o reveladas a quem se prop\u00f5e a mergulhar.<\/p>\n","protected":false},"featured_media":23450,"template":"","meta":{"_monsterinsights_skip_tracking":false,"_monsterinsights_sitenote_active":false,"_monsterinsights_sitenote_note":"","_monsterinsights_sitenote_category":0},"product_brand":[],"product_cat":[15],"product_tag":[],"class_list":{"0":"post-23447","1":"product","2":"type-product","3":"status-publish","4":"has-post-thumbnail","6":"product_cat-sem-categoria","7":"product_shipping_class-impresso","8":"pa_ano-1412","9":"pa_autor-evandro-de-paulo","10":"pa_editora-editora-lux","11":"pa_isbn-1457","12":"pa_quantidade-de-paginas-743","13":"pa_tipo-de-capa-brochura","15":"first","16":"instock","17":"purchasable","18":"product-type-simple"},"_links":{"self":[{"href":"https:\/\/www.editoralux.com.br\/loja\/wp-json\/wp\/v2\/product\/23447"}],"collection":[{"href":"https:\/\/www.editoralux.com.br\/loja\/wp-json\/wp\/v2\/product"}],"about":[{"href":"https:\/\/www.editoralux.com.br\/loja\/wp-json\/wp\/v2\/types\/product"}],"wp:featuredmedia":[{"embeddable":true,"href":"https:\/\/www.editoralux.com.br\/loja\/wp-json\/wp\/v2\/media\/23450"}],"wp:attachment":[{"href":"https:\/\/www.editoralux.com.br\/loja\/wp-json\/wp\/v2\/media?parent=23447"}],"wp:term":[{"taxonomy":"product_brand","embeddable":true,"href":"https:\/\/www.editoralux.com.br\/loja\/wp-json\/wp\/v2\/product_brand?post=23447"},{"taxonomy":"product_cat","embeddable":true,"href":"https:\/\/www.editoralux.com.br\/loja\/wp-json\/wp\/v2\/product_cat?post=23447"},{"taxonomy":"product_tag","embeddable":true,"href":"https:\/\/www.editoralux.com.br\/loja\/wp-json\/wp\/v2\/product_tag?post=23447"}],"curies":[{"name":"wp","href":"https:\/\/api.w.org\/{rel}","templated":true}]}}