{"id":23448,"date":"2026-03-09T19:51:13","date_gmt":"2026-03-09T22:51:13","guid":{"rendered":"https:\/\/www.editoralux.com.br\/loja\/?post_type=product&#038;p=23448"},"modified":"2026-03-09T19:56:08","modified_gmt":"2026-03-09T22:56:08","slug":"52-historias-de-amor-por-stella-sandalo-historias-emocionantes-engracadas-e-ate-curiosas","status":"publish","type":"product","link":"https:\/\/www.editoralux.com.br\/loja\/produto\/52-historias-de-amor-por-stella-sandalo-historias-emocionantes-engracadas-e-ate-curiosas\/","title":{"rendered":"52 hist\u00f3rias de amor por Stella S\u00e2ndalo: hist\u00f3rias emocionantes, engra\u00e7adas e at\u00e9 curiosas"},"content":{"rendered":"","protected":false},"excerpt":{"rendered":"<p>Acordar cedo, organizar o dia e atender com alegria.<br \/>\nResponder a todas as mensagens, atualizar o aplicativo.<br \/>\nChamar fornecedores, verificar protocolos, prazos e responsabilidades.<br \/>\nConvocar a melhor equipe e realizar reuni\u00f5es mil.<br \/>\nAcompanhar o cliente que j\u00e1 est\u00e1 por um fio.<br \/>\nAcalm\u00e1-lo a ponto de faz\u00ea-lo confiar o momento mais importante de sua vida em voc\u00ea.<br \/>\nRecepcionar sempre com um lindo sorriso no rosto, enxugar as l\u00e1grimas de alegria, cuidar de cada detalhe e controlar a ansiedade de todos.<br \/>\nSimples assim:<br \/>\nSER CERIMONIALISTA.<br \/>\nMas o que todos precisam saber \u00e9 que, por tr\u00e1s dessa profiss\u00e3o sofisticada e elegante, somos batalhadores, guerreiros e, acima de tudo, humanos.<br \/>\nPessoas com sentimentos, que tamb\u00e9m choram e riem com as conquistas de seus clientes e carregam dentro do cora\u00e7\u00e3o esta linda profiss\u00e3o.<\/p>\n","protected":false},"featured_media":23449,"template":"","meta":{"_monsterinsights_skip_tracking":false,"_monsterinsights_sitenote_active":false,"_monsterinsights_sitenote_note":"","_monsterinsights_sitenote_category":0},"product_brand":[],"product_cat":[15],"product_tag":[],"class_list":{"0":"post-23448","1":"product","2":"type-product","3":"status-publish","4":"has-post-thumbnail","6":"product_cat-sem-categoria","7":"product_shipping_class-impresso","8":"pa_ano-1412","9":"pa_autor-stella-sandalo","10":"pa_editora-editora-lux","11":"pa_isbn-1459","12":"pa_quantidade-de-paginas-744","13":"pa_tipo-de-capa-brochura","15":"first","16":"instock","17":"purchasable","18":"product-type-simple"},"_links":{"self":[{"href":"https:\/\/www.editoralux.com.br\/loja\/wp-json\/wp\/v2\/product\/23448"}],"collection":[{"href":"https:\/\/www.editoralux.com.br\/loja\/wp-json\/wp\/v2\/product"}],"about":[{"href":"https:\/\/www.editoralux.com.br\/loja\/wp-json\/wp\/v2\/types\/product"}],"wp:featuredmedia":[{"embeddable":true,"href":"https:\/\/www.editoralux.com.br\/loja\/wp-json\/wp\/v2\/media\/23449"}],"wp:attachment":[{"href":"https:\/\/www.editoralux.com.br\/loja\/wp-json\/wp\/v2\/media?parent=23448"}],"wp:term":[{"taxonomy":"product_brand","embeddable":true,"href":"https:\/\/www.editoralux.com.br\/loja\/wp-json\/wp\/v2\/product_brand?post=23448"},{"taxonomy":"product_cat","embeddable":true,"href":"https:\/\/www.editoralux.com.br\/loja\/wp-json\/wp\/v2\/product_cat?post=23448"},{"taxonomy":"product_tag","embeddable":true,"href":"https:\/\/www.editoralux.com.br\/loja\/wp-json\/wp\/v2\/product_tag?post=23448"}],"curies":[{"name":"wp","href":"https:\/\/api.w.org\/{rel}","templated":true}]}}