{"id":23460,"date":"2026-03-23T12:44:44","date_gmt":"2026-03-23T15:44:44","guid":{"rendered":"https:\/\/www.editoralux.com.br\/loja\/?post_type=product&#038;p=23460"},"modified":"2026-05-13T14:59:55","modified_gmt":"2026-05-13T17:59:55","slug":"um-renascer-para-o-estado-do-rio-de-janeiro-propostas-para-um-estado-prospero-e-sustentavel","status":"publish","type":"product","link":"https:\/\/www.editoralux.com.br\/loja\/produto\/um-renascer-para-o-estado-do-rio-de-janeiro-propostas-para-um-estado-prospero-e-sustentavel\/","title":{"rendered":"Um Renascer Para o Estado Do Rio De Janeiro: Propostas Para Um Estado Pr\u00f3spero e Sustent\u00e1vel"},"content":{"rendered":"","protected":false},"excerpt":{"rendered":"<p>Este \u00e9 um livro indispens\u00e1vel para quem queira compreender a dimens\u00e3o da degrada\u00e7\u00e3o econ\u00f4mica e social do Estado do Rio de Janeiro. E ele \u00e9 ainda mais importante por demonstrar que \u00e9 poss\u00edvel transformar essa realidade pela ado\u00e7\u00e3o de pol\u00edticas p\u00fablicas baseadas em evid\u00eancias, se aplicadas com perseveran\u00e7a e probidade. A cada cap\u00edtulo, o espanto com a gravidade dos problemas vai dando lugar \u00e0 esperan\u00e7a em solu\u00e7\u00f5es j\u00e1 testadas. Ao final, fica o sentimento de que mudar o Estado do Rio de Janeiro s\u00f3 depende de nossas escolhas. E \u00e9 bom que seja assim.<br \/>\nMarcelo Trindade, ex-presidente da Comiss\u00e3o de Valores Mobili\u00e1rios (CVM).<\/p>\n","protected":false},"featured_media":23462,"template":"","meta":{"_monsterinsights_skip_tracking":false,"_monsterinsights_sitenote_active":false,"_monsterinsights_sitenote_note":"","_monsterinsights_sitenote_category":0},"product_brand":[],"product_cat":[15],"product_tag":[],"class_list":{"0":"post-23460","1":"product","2":"type-product","3":"status-publish","4":"has-post-thumbnail","6":"product_cat-sem-categoria","7":"product_shipping_class-impresso","8":"pa_ano-1412","9":"pa_autor-adriana-fontes","10":"pa_autor-fabio-giambiagi","11":"pa_autor-guilherme-tinoco","12":"pa_autor-marco-aurelio-santos-cardoso","13":"pa_editora-editora-lux","14":"pa_isbn-1464","15":"pa_quantidade-de-paginas-1328","16":"pa_tipo-de-capa-brochura","18":"first","19":"instock","20":"purchasable","21":"product-type-simple"},"_links":{"self":[{"href":"https:\/\/www.editoralux.com.br\/loja\/wp-json\/wp\/v2\/product\/23460"}],"collection":[{"href":"https:\/\/www.editoralux.com.br\/loja\/wp-json\/wp\/v2\/product"}],"about":[{"href":"https:\/\/www.editoralux.com.br\/loja\/wp-json\/wp\/v2\/types\/product"}],"wp:featuredmedia":[{"embeddable":true,"href":"https:\/\/www.editoralux.com.br\/loja\/wp-json\/wp\/v2\/media\/23462"}],"wp:attachment":[{"href":"https:\/\/www.editoralux.com.br\/loja\/wp-json\/wp\/v2\/media?parent=23460"}],"wp:term":[{"taxonomy":"product_brand","embeddable":true,"href":"https:\/\/www.editoralux.com.br\/loja\/wp-json\/wp\/v2\/product_brand?post=23460"},{"taxonomy":"product_cat","embeddable":true,"href":"https:\/\/www.editoralux.com.br\/loja\/wp-json\/wp\/v2\/product_cat?post=23460"},{"taxonomy":"product_tag","embeddable":true,"href":"https:\/\/www.editoralux.com.br\/loja\/wp-json\/wp\/v2\/product_tag?post=23460"}],"curies":[{"name":"wp","href":"https:\/\/api.w.org\/{rel}","templated":true}]}}