{"id":23549,"date":"2026-04-08T12:16:32","date_gmt":"2026-04-08T15:16:32","guid":{"rendered":"https:\/\/www.editoralux.com.br\/loja\/?post_type=product&#038;p=23549"},"modified":"2026-04-08T12:16:58","modified_gmt":"2026-04-08T15:16:58","slug":"muito-alem-do-direito-reflexoes-sobre-justica-graca-e-compaixao","status":"publish","type":"product","link":"https:\/\/www.editoralux.com.br\/loja\/produto\/muito-alem-do-direito-reflexoes-sobre-justica-graca-e-compaixao\/","title":{"rendered":"Muito Al\u00e9m Do Direito: Reflex\u00f5es Sobre Justi\u00e7a, Gra\u00e7a e Compaix\u00e3o"},"content":{"rendered":"<p>Voc\u00ea j\u00e1 parou para pensar que a vida tem uma l\u00f3gica muito diferente do conceito de Direito que conhecemos? Eu j\u00e1!<br \/>\nTalvez voc\u00ea seja algu\u00e9m que j\u00e1 colheu de campos que n\u00e3o plantou. Que j\u00e1 recebeu amor ou perd\u00e3o imerecido. Ou talvez<br \/>\nvoc\u00ea carregue perguntas como estas:<br \/>\nPor que coisas ruins acontecem com pessoas boas?<br \/>\nOnde est\u00e1 a justi\u00e7a quando mais precisamos dela?<br \/>\nComo seguir em frente quando a vida n\u00e3o faz sentido?<\/p>\n<p>Qualquer que seja sua resposta, voc\u00ea j\u00e1 experimentou o que este<br \/>\nlivro chama de \u201cMuito Al\u00e9m do Direito\u201d \u2013 e este livro \u00e9 para voc\u00ea.<br \/>\nEle te convida a ser agente da gra\u00e7a \u2013 um favor imerecido, mas transformador \u2013 e responde \u00e0s perguntas mais urgentes do cora\u00e7\u00e3o humano:<\/p>\n<p>E se suas cicatrizes se tornassem fonte de cura?<br \/>\nE se a justi\u00e7a estivesse na compaix\u00e3o, n\u00e3o na vingan\u00e7a?<br \/>\nAtrav\u00e9s de hist\u00f3rias que retratam cada faceta da exist\u00eancia humana, \u201cMuito Al\u00e9m do Direito\u201d desafia voc\u00ea a repensar justi\u00e7a, merecimento e prop\u00f3sito.<\/p>\n<p>Este livro n\u00e3o vai responder todas as suas perguntas, mas<br \/>\nvai ensinar voc\u00ea a viver com elas de forma completamente diferente.<br \/>\nE isso pode ser exatamente o que voc\u00ea precisa para uma vida surpreendente \u2013 uma vida que vai Muito Al\u00e9m do Direito.<\/p>\n","protected":false},"excerpt":{"rendered":"<p>Voc\u00ea j\u00e1 parou para pensar que a vida tem uma l\u00f3gica muito diferente do conceito de Direito que conhecemos? Eu j\u00e1!<br \/>\nTalvez voc\u00ea seja algu\u00e9m que j\u00e1 colheu de campos que n\u00e3o plantou. Que j\u00e1 recebeu amor ou perd\u00e3o imerecido. Ou talvez<br \/>\nvoc\u00ea carregue perguntas como estas:<br \/>\nPor que coisas ruins acontecem com pessoas boas?<br \/>\nOnde est\u00e1 a justi\u00e7a quando mais precisamos dela?<br \/>\nComo seguir em frente quando a vida n\u00e3o faz sentido?<\/p>\n<p>Qualquer que seja sua resposta, voc\u00ea j\u00e1 experimentou o que este<br \/>\nlivro chama de \u201cMuito Al\u00e9m do Direito\u201d \u2013 e este livro \u00e9 para voc\u00ea.<br \/>\nEle te convida a ser agente da gra\u00e7a \u2013 um favor imerecido, mas transformador \u2013 e responde \u00e0s perguntas mais urgentes do cora\u00e7\u00e3o humano:<\/p>\n<p>E se suas cicatrizes se tornassem fonte de cura?<br \/>\nE se a justi\u00e7a estivesse na compaix\u00e3o, n\u00e3o na vingan\u00e7a?<br \/>\nAtrav\u00e9s de hist\u00f3rias que retratam cada faceta da exist\u00eancia humana, \u201cMuito Al\u00e9m do Direito\u201d desafia voc\u00ea a repensar justi\u00e7a, merecimento e prop\u00f3sito.<\/p>\n<p>Este livro n\u00e3o vai responder todas as suas perguntas, mas<br \/>\nvai ensinar voc\u00ea a viver com elas de forma completamente diferente.<br \/>\nE isso pode ser exatamente o que voc\u00ea precisa para uma vida surpreendente \u2013 uma vida que vai Muito Al\u00e9m do Direito.<\/p>\n","protected":false},"featured_media":23550,"template":"","meta":{"_monsterinsights_skip_tracking":false,"_monsterinsights_sitenote_active":false,"_monsterinsights_sitenote_note":"","_monsterinsights_sitenote_category":0},"product_brand":[],"product_cat":[1496],"product_tag":[],"class_list":{"0":"post-23549","1":"product","2":"type-product","3":"status-publish","4":"has-post-thumbnail","6":"product_cat-1-religiao-2-direito-3-justica-4-graca-5-compaixao","7":"product_shipping_class-impresso","9":"first","10":"instock","11":"shipping-taxable","12":"purchasable","13":"product-type-simple"},"_links":{"self":[{"href":"https:\/\/www.editoralux.com.br\/loja\/wp-json\/wp\/v2\/product\/23549"}],"collection":[{"href":"https:\/\/www.editoralux.com.br\/loja\/wp-json\/wp\/v2\/product"}],"about":[{"href":"https:\/\/www.editoralux.com.br\/loja\/wp-json\/wp\/v2\/types\/product"}],"wp:featuredmedia":[{"embeddable":true,"href":"https:\/\/www.editoralux.com.br\/loja\/wp-json\/wp\/v2\/media\/23550"}],"wp:attachment":[{"href":"https:\/\/www.editoralux.com.br\/loja\/wp-json\/wp\/v2\/media?parent=23549"}],"wp:term":[{"taxonomy":"product_brand","embeddable":true,"href":"https:\/\/www.editoralux.com.br\/loja\/wp-json\/wp\/v2\/product_brand?post=23549"},{"taxonomy":"product_cat","embeddable":true,"href":"https:\/\/www.editoralux.com.br\/loja\/wp-json\/wp\/v2\/product_cat?post=23549"},{"taxonomy":"product_tag","embeddable":true,"href":"https:\/\/www.editoralux.com.br\/loja\/wp-json\/wp\/v2\/product_tag?post=23549"}],"curies":[{"name":"wp","href":"https:\/\/api.w.org\/{rel}","templated":true}]}}