{"id":23553,"date":"2026-04-08T12:53:22","date_gmt":"2026-04-08T15:53:22","guid":{"rendered":"https:\/\/www.editoralux.com.br\/loja\/?post_type=product&#038;p=23553"},"modified":"2026-04-08T12:53:22","modified_gmt":"2026-04-08T15:53:22","slug":"reflexoes-sobre-o-tudo-e-o-nada-a-emocao-humana-ancorada-pela-razao","status":"publish","type":"product","link":"https:\/\/www.editoralux.com.br\/loja\/produto\/reflexoes-sobre-o-tudo-e-o-nada-a-emocao-humana-ancorada-pela-razao\/","title":{"rendered":"Reflex\u00f5es Sobre o Tudo e o Nada &#8211; A Emo\u00e7\u00e3o Humana Ancorada pela Raz\u00e3o"},"content":{"rendered":"<p>O Jacaranda decurrens \u00e9 uma \u00e1rvore de ra\u00edzes profundas e exist\u00eancia milenar. Resiste ao tempo n\u00e3o pela rigidez, mas<br \/>\npela capacidade de se adaptar \u00e0s mudan\u00e7as do solo, do clima e das eras.<br \/>\nSuas ra\u00edzes n\u00e3o buscam pressa: aprofundam-se. Assim como essa \u00e1rvore ancestral, a vida no planeta se organiza em camadas de tempo. H\u00e1 exist\u00eancias breves e exist\u00eancias seculares.<br \/>\nTartarugas, aves migrat\u00f3rias e \u00e1rvores testemunham ciclos que ultrapassam gera\u00e7\u00f5es humanas. Essas reflex\u00f5es nascem da observa\u00e7\u00e3o desse tempo ampliado um tempo que n\u00e3o se limita ao humano.<\/p>\n<p>Ao compreender que n\u00e3o somos o centro, mas parte de um macro ecossistema em evolu\u00e7\u00e3o cont\u00ednua, aprendemos que conviver \u00e9 ajustar, corrigir e respeitar aquilo que nos antecede e nos ultrapassa.<br \/>\nO tempo n\u00e3o exige pressa, nem perfei\u00e7\u00e3o. Exige apenas ra\u00edzes profundas o suficiente para sustentar a travessia das eras.<\/p>\n","protected":false},"excerpt":{"rendered":"<p>O Jacaranda decurrens \u00e9 uma \u00e1rvore de ra\u00edzes profundas e exist\u00eancia milenar. Resiste ao tempo n\u00e3o pela rigidez, mas<br \/>\npela capacidade de se adaptar \u00e0s mudan\u00e7as do solo, do clima e das eras.<br \/>\nSuas ra\u00edzes n\u00e3o buscam pressa: aprofundam-se. Assim como essa \u00e1rvore ancestral, a vida no planeta se organiza em camadas de tempo. H\u00e1 exist\u00eancias breves e exist\u00eancias seculares.<br \/>\nTartarugas, aves migrat\u00f3rias e \u00e1rvores testemunham ciclos que ultrapassam gera\u00e7\u00f5es humanas. Essas reflex\u00f5es nascem da observa\u00e7\u00e3o desse tempo ampliado um tempo que n\u00e3o se limita ao humano.<\/p>\n<p>Ao compreender que n\u00e3o somos o centro, mas parte de um macro ecossistema em evolu\u00e7\u00e3o cont\u00ednua, aprendemos que conviver \u00e9 ajustar, corrigir e respeitar aquilo que nos antecede e nos ultrapassa.<br \/>\nO tempo n\u00e3o exige pressa, nem perfei\u00e7\u00e3o. Exige apenas ra\u00edzes profundas o suficiente para sustentar a travessia das eras.<\/p>\n","protected":false},"featured_media":23556,"template":"","meta":{"_monsterinsights_skip_tracking":false,"_monsterinsights_sitenote_active":false,"_monsterinsights_sitenote_note":"","_monsterinsights_sitenote_category":0},"product_brand":[],"product_cat":[1497],"product_tag":[],"class_list":{"0":"post-23553","1":"product","2":"type-product","3":"status-publish","4":"has-post-thumbnail","6":"product_cat-1-literatura-brasileira-2-reflexoes-3-filosofia","7":"product_shipping_class-impresso","9":"first","10":"instock","11":"shipping-taxable","12":"purchasable","13":"product-type-simple"},"_links":{"self":[{"href":"https:\/\/www.editoralux.com.br\/loja\/wp-json\/wp\/v2\/product\/23553"}],"collection":[{"href":"https:\/\/www.editoralux.com.br\/loja\/wp-json\/wp\/v2\/product"}],"about":[{"href":"https:\/\/www.editoralux.com.br\/loja\/wp-json\/wp\/v2\/types\/product"}],"wp:featuredmedia":[{"embeddable":true,"href":"https:\/\/www.editoralux.com.br\/loja\/wp-json\/wp\/v2\/media\/23556"}],"wp:attachment":[{"href":"https:\/\/www.editoralux.com.br\/loja\/wp-json\/wp\/v2\/media?parent=23553"}],"wp:term":[{"taxonomy":"product_brand","embeddable":true,"href":"https:\/\/www.editoralux.com.br\/loja\/wp-json\/wp\/v2\/product_brand?post=23553"},{"taxonomy":"product_cat","embeddable":true,"href":"https:\/\/www.editoralux.com.br\/loja\/wp-json\/wp\/v2\/product_cat?post=23553"},{"taxonomy":"product_tag","embeddable":true,"href":"https:\/\/www.editoralux.com.br\/loja\/wp-json\/wp\/v2\/product_tag?post=23553"}],"curies":[{"name":"wp","href":"https:\/\/api.w.org\/{rel}","templated":true}]}}