{"id":23557,"date":"2026-04-08T13:10:37","date_gmt":"2026-04-08T16:10:37","guid":{"rendered":"https:\/\/www.editoralux.com.br\/loja\/?post_type=product&#038;p=23557"},"modified":"2026-04-08T13:10:37","modified_gmt":"2026-04-08T16:10:37","slug":"dicionario-universal-das-religioes","status":"publish","type":"product","link":"https:\/\/www.editoralux.com.br\/loja\/produto\/dicionario-universal-das-religioes\/","title":{"rendered":"Dicion\u00e1rio Universal das Religi\u00f5es"},"content":{"rendered":"<p>Desde os prim\u00f3rdios da consci\u00eancia at\u00e9 as express\u00f5es religiosas e filos\u00f3ficas do mundo contempor\u00e2neo, a humanidade construiu in\u00fameros caminhos para tentar compreender o mist\u00e9rio da exist\u00eancia, o sentido da vida e<br \/>\naquilo que transcende o vis\u00edvel. Cada cultura, cada povo e cada \u00e9poca respondeu a essa busca \u00e0 sua maneira \u2013 por meio de ritos, s\u00edmbolos, narrativas, sil\u00eancios e reflex\u00f5es.<\/p>\n<p>Este Dicion\u00e1rio das Religi\u00f5es percorre essa diversidade com respeito, cuidado e rigor. Entre milhares de cren\u00e7as, tradi\u00e7\u00f5es espirituais e sistemas de pensamento existentes, foram selecionadas e organizadas, em ordem alfab\u00e9tica, 270 formas distintas de rela\u00e7\u00e3o com o Sagrado \u2013 n\u00famero que permanece aberto, pois a experi\u00eancia humana continua em permanente constru\u00e7\u00e3o.<\/p>\n<p>N\u00e3o se trata de uma obra de convers\u00e3o, tampouco de ju\u00edzo de valor. Aqui n\u00e3o se estabelecem hierarquias de f\u00e9, nem se prop\u00f5e qualquer verdade absoluta. O que se oferece ao leitor \u00e9 o reconhecimento da pluralidade como express\u00e3o leg\u00edtima da condi\u00e7\u00e3o humana e da liberdade de cada indiv\u00edduo em escolher \u2013 ou n\u00e3o \u2013 seu pr\u00f3prio caminho espiritual.<\/p>\n<p>Este livro convida \u00e0 observa\u00e7\u00e3o, \u00e0 compreens\u00e3o e \u00e0 reflex\u00e3o. N\u00e3o para aderir, mas para ampliar o olhar. N\u00e3o para concordar, mas para respeitar. Porque, apesar das muitas formas, a busca que move o ser humano \u00e9, em ess\u00eancia, a mesma.<\/p>\n","protected":false},"excerpt":{"rendered":"<p>Desde os prim\u00f3rdios da consci\u00eancia at\u00e9 as express\u00f5es religiosas e filos\u00f3ficas do mundo contempor\u00e2neo, a humanidade construiu in\u00fameros caminhos para tentar compreender o mist\u00e9rio da exist\u00eancia, o sentido da vida e<br \/>\naquilo que transcende o vis\u00edvel. Cada cultura, cada povo e cada \u00e9poca respondeu a essa busca \u00e0 sua maneira \u2013 por meio de ritos, s\u00edmbolos, narrativas, sil\u00eancios e reflex\u00f5es.<\/p>\n<p>Este Dicion\u00e1rio das Religi\u00f5es percorre essa diversidade com respeito, cuidado e rigor. Entre milhares de cren\u00e7as, tradi\u00e7\u00f5es espirituais e sistemas de pensamento existentes, foram selecionadas e organizadas, em ordem alfab\u00e9tica, 270 formas distintas de rela\u00e7\u00e3o com o Sagrado \u2013 n\u00famero que permanece aberto, pois a experi\u00eancia humana continua em permanente constru\u00e7\u00e3o.<\/p>\n<p>N\u00e3o se trata de uma obra de convers\u00e3o, tampouco de ju\u00edzo de valor. Aqui n\u00e3o se estabelecem hierarquias de f\u00e9, nem se prop\u00f5e qualquer verdade absoluta. O que se oferece ao leitor \u00e9 o reconhecimento da pluralidade como express\u00e3o leg\u00edtima da condi\u00e7\u00e3o humana e da liberdade de cada indiv\u00edduo em escolher \u2013 ou n\u00e3o \u2013 seu pr\u00f3prio caminho espiritual.<\/p>\n<p>Este livro convida \u00e0 observa\u00e7\u00e3o, \u00e0 compreens\u00e3o e \u00e0 reflex\u00e3o. N\u00e3o para aderir, mas para ampliar o olhar. N\u00e3o para concordar, mas para respeitar. Porque, apesar das muitas formas, a busca que move o ser humano \u00e9, em ess\u00eancia, a mesma.<\/p>\n","protected":false},"featured_media":23560,"template":"","meta":{"_monsterinsights_skip_tracking":false,"_monsterinsights_sitenote_active":false,"_monsterinsights_sitenote_note":"","_monsterinsights_sitenote_category":0},"product_brand":[],"product_cat":[1498],"product_tag":[],"class_list":{"0":"post-23557","1":"product","2":"type-product","3":"status-publish","4":"has-post-thumbnail","6":"product_cat-1-religiao-2-dicionario-3-empatia-ecumenica","7":"product_shipping_class-impresso","9":"first","10":"instock","11":"shipping-taxable","12":"purchasable","13":"product-type-simple"},"_links":{"self":[{"href":"https:\/\/www.editoralux.com.br\/loja\/wp-json\/wp\/v2\/product\/23557"}],"collection":[{"href":"https:\/\/www.editoralux.com.br\/loja\/wp-json\/wp\/v2\/product"}],"about":[{"href":"https:\/\/www.editoralux.com.br\/loja\/wp-json\/wp\/v2\/types\/product"}],"wp:featuredmedia":[{"embeddable":true,"href":"https:\/\/www.editoralux.com.br\/loja\/wp-json\/wp\/v2\/media\/23560"}],"wp:attachment":[{"href":"https:\/\/www.editoralux.com.br\/loja\/wp-json\/wp\/v2\/media?parent=23557"}],"wp:term":[{"taxonomy":"product_brand","embeddable":true,"href":"https:\/\/www.editoralux.com.br\/loja\/wp-json\/wp\/v2\/product_brand?post=23557"},{"taxonomy":"product_cat","embeddable":true,"href":"https:\/\/www.editoralux.com.br\/loja\/wp-json\/wp\/v2\/product_cat?post=23557"},{"taxonomy":"product_tag","embeddable":true,"href":"https:\/\/www.editoralux.com.br\/loja\/wp-json\/wp\/v2\/product_tag?post=23557"}],"curies":[{"name":"wp","href":"https:\/\/api.w.org\/{rel}","templated":true}]}}