{"id":23568,"date":"2026-04-15T14:10:42","date_gmt":"2026-04-15T17:10:42","guid":{"rendered":"https:\/\/www.editoralux.com.br\/loja\/?post_type=product&#038;p=23568"},"modified":"2026-04-15T15:35:24","modified_gmt":"2026-04-15T18:35:24","slug":"palavras-que-curam-ou-adoecem","status":"publish","type":"product","link":"https:\/\/www.editoralux.com.br\/loja\/produto\/palavras-que-curam-ou-adoecem\/","title":{"rendered":"Palavras que Curam ou Adoecem"},"content":{"rendered":"<p>Mais do que sons ou tra\u00e7os no papel, as palavras s\u00e3o sementes. Algumas florescem como acolhimento, pertencimento e cuidado; outras, silenciosas e invis\u00edveis, conseguem se fixar como dores emocionais persistentes, influenciando pensamentos, sentimentos, v\u00ednculos e a forma como cada pessoa se relaciona consigo e com o mundo.<\/p>\n<p>A partir de uma trajet\u00f3ria que integra comunica\u00e7\u00e3o, psican\u00e1lise, arteterapia, naturopatia, hipnose e psicologia, a autora tece reflex\u00f5es sobre o poder construtivo ou feridor da linguagem que habita cada sujeito. Revela como falas aparentemente inofensivas acabam porcristalizar cren\u00e7as limitantes e favorecer sofrimentos emocionais, ao mesmo tempo em que a ressignifica\u00e7\u00e3o das palavras permite converter dor emocional em pot\u00eancia, sil\u00eancio em escuta e ruptura em reconex\u00e3o.<\/p>\n<p>Este livro \u00e9 um convite delicado e corajoso para revisitar as palavras recebidas, repetidas e internalizadas ao longo da vida e para reconhecer que, muitas vezes, o cuidado emocional come\u00e7a no verbo.<\/p>\n","protected":false},"excerpt":{"rendered":"<p>Mais do que sons ou tra\u00e7os no papel, as palavras s\u00e3o sementes. Algumas florescem como acolhimento, pertencimento e cuidado; outras, silenciosas e invis\u00edveis, conseguem se fixar como dores emocionais persistentes, influenciando pensamentos, sentimentos, v\u00ednculos e a forma como cada pessoa se relaciona consigo e com o mundo.<\/p>\n<p>A partir de uma trajet\u00f3ria que integra comunica\u00e7\u00e3o, psican\u00e1lise, arteterapia, naturopatia, hipnose e psicologia, a autora tece reflex\u00f5es sobre o poder construtivo ou feridor da linguagem que habita cada sujeito. Revela como falas aparentemente inofensivas acabam porcristalizar cren\u00e7as limitantes e favorecer sofrimentos emocionais, ao mesmo tempo em que a ressignifica\u00e7\u00e3o das palavras permite converter dor emocional em pot\u00eancia, sil\u00eancio em escuta e ruptura em reconex\u00e3o.<\/p>\n<p>Este livro \u00e9 um convite delicado e corajoso para revisitar as palavras recebidas, repetidas e internalizadas ao longo da vida e para reconhecer que, muitas vezes, o cuidado emocional come\u00e7a no verbo.<\/p>\n","protected":false},"featured_media":23569,"template":"","meta":{"_monsterinsights_skip_tracking":false,"_monsterinsights_sitenote_active":false,"_monsterinsights_sitenote_note":"","_monsterinsights_sitenote_category":0},"product_brand":[],"product_cat":[1499],"product_tag":[],"class_list":{"0":"post-23568","1":"product","2":"type-product","3":"status-publish","4":"has-post-thumbnail","6":"product_cat-1-psicologia-2-palavra-3-interacoes-humanas-4-comunicacao-humana-5-personalidade-6-consciencia","7":"product_shipping_class-impresso","9":"first","10":"instock","11":"shipping-taxable","12":"purchasable","13":"product-type-simple"},"_links":{"self":[{"href":"https:\/\/www.editoralux.com.br\/loja\/wp-json\/wp\/v2\/product\/23568"}],"collection":[{"href":"https:\/\/www.editoralux.com.br\/loja\/wp-json\/wp\/v2\/product"}],"about":[{"href":"https:\/\/www.editoralux.com.br\/loja\/wp-json\/wp\/v2\/types\/product"}],"wp:featuredmedia":[{"embeddable":true,"href":"https:\/\/www.editoralux.com.br\/loja\/wp-json\/wp\/v2\/media\/23569"}],"wp:attachment":[{"href":"https:\/\/www.editoralux.com.br\/loja\/wp-json\/wp\/v2\/media?parent=23568"}],"wp:term":[{"taxonomy":"product_brand","embeddable":true,"href":"https:\/\/www.editoralux.com.br\/loja\/wp-json\/wp\/v2\/product_brand?post=23568"},{"taxonomy":"product_cat","embeddable":true,"href":"https:\/\/www.editoralux.com.br\/loja\/wp-json\/wp\/v2\/product_cat?post=23568"},{"taxonomy":"product_tag","embeddable":true,"href":"https:\/\/www.editoralux.com.br\/loja\/wp-json\/wp\/v2\/product_tag?post=23568"}],"curies":[{"name":"wp","href":"https:\/\/api.w.org\/{rel}","templated":true}]}}