{"id":23572,"date":"2026-04-15T14:25:54","date_gmt":"2026-04-15T17:25:54","guid":{"rendered":"https:\/\/www.editoralux.com.br\/loja\/?post_type=product&#038;p=23572"},"modified":"2026-04-15T14:25:54","modified_gmt":"2026-04-15T17:25:54","slug":"para-entender-o-humano-e-o-social","status":"publish","type":"product","link":"https:\/\/www.editoralux.com.br\/loja\/produto\/para-entender-o-humano-e-o-social\/","title":{"rendered":"Para Entender o Humano e o Social"},"content":{"rendered":"<p>A obra \u201cPara Entender O HUMANO E O SOCIAL\u201d \u00e9 um livro que se destina aos iniciantes no estudo das Ci\u00eancias Humanas e Sociais. Na verdade, \u00e9 um CURSO destinado, principalmente, aos estudos introdut\u00f3rios que se realizam nas \u00e1reas de humanas, nos primeiros semestres de Direito, Psicologia, Pedagogia, Servi\u00e7o Social, Jornalismo e similares. Re\u00fane conte\u00fados ministrados em mais de trinta anos do magist\u00e9rio do autor.<\/p>\n<p>Para essa inicia\u00e7\u00e3o, Milton Greco prop\u00f5e a constru\u00e7\u00e3o de um referencial te\u00f3rico que possibilita ao leitor us\u00e1-lo como um instrumento para a compreens\u00e3o de suas observa\u00e7\u00f5es sobre a vida e os comportamentos humanos em sociedade, oferecendo-lhe a oportunidade de fazer diagn\u00f3sticos pr\u00f3prios.<\/p>\n<p>De linguagem simples e objetiva, \u00e9 um instrumento valioso para a inicia\u00e7\u00e3o ao estudo das Ci\u00eancias Humanas e Sociais. \u00c9 mais que uma leitura, \u00e9 material de estudo, no m\u00ednimo, desafiante.<\/p>\n","protected":false},"excerpt":{"rendered":"<p>A obra \u201cPara Entender O HUMANO E O SOCIAL\u201d \u00e9 um livro que se destina aos iniciantes no estudo das Ci\u00eancias Humanas e Sociais. Na verdade, \u00e9 um CURSO destinado, principalmente, aos estudos introdut\u00f3rios que se realizam nas \u00e1reas de humanas, nos primeiros semestres de Direito, Psicologia, Pedagogia, Servi\u00e7o Social, Jornalismo e similares. Re\u00fane conte\u00fados ministrados em mais de trinta anos do magist\u00e9rio do autor.<\/p>\n<p>Para essa inicia\u00e7\u00e3o, Milton Greco prop\u00f5e a constru\u00e7\u00e3o de um referencial te\u00f3rico que possibilita ao leitor us\u00e1-lo como um instrumento para a compreens\u00e3o de suas observa\u00e7\u00f5es sobre a vida e os comportamentos humanos em sociedade, oferecendo-lhe a oportunidade de fazer diagn\u00f3sticos pr\u00f3prios.<\/p>\n<p>De linguagem simples e objetiva, \u00e9 um instrumento valioso para a inicia\u00e7\u00e3o ao estudo das Ci\u00eancias Humanas e Sociais. \u00c9 mais que uma leitura, \u00e9 material de estudo, no m\u00ednimo, desafiante.<\/p>\n","protected":false},"featured_media":23575,"template":"","meta":{"_monsterinsights_skip_tracking":false,"_monsterinsights_sitenote_active":false,"_monsterinsights_sitenote_note":"","_monsterinsights_sitenote_category":0},"product_brand":[],"product_cat":[1500],"product_tag":[],"class_list":{"0":"post-23572","1":"product","2":"type-product","3":"status-publish","4":"has-post-thumbnail","6":"product_cat-1-sociologia-2-ciencias-humanas-3-ciencias-sociais-4-sociedade","7":"product_shipping_class-impresso","9":"first","10":"instock","11":"shipping-taxable","12":"purchasable","13":"product-type-simple"},"_links":{"self":[{"href":"https:\/\/www.editoralux.com.br\/loja\/wp-json\/wp\/v2\/product\/23572"}],"collection":[{"href":"https:\/\/www.editoralux.com.br\/loja\/wp-json\/wp\/v2\/product"}],"about":[{"href":"https:\/\/www.editoralux.com.br\/loja\/wp-json\/wp\/v2\/types\/product"}],"wp:featuredmedia":[{"embeddable":true,"href":"https:\/\/www.editoralux.com.br\/loja\/wp-json\/wp\/v2\/media\/23575"}],"wp:attachment":[{"href":"https:\/\/www.editoralux.com.br\/loja\/wp-json\/wp\/v2\/media?parent=23572"}],"wp:term":[{"taxonomy":"product_brand","embeddable":true,"href":"https:\/\/www.editoralux.com.br\/loja\/wp-json\/wp\/v2\/product_brand?post=23572"},{"taxonomy":"product_cat","embeddable":true,"href":"https:\/\/www.editoralux.com.br\/loja\/wp-json\/wp\/v2\/product_cat?post=23572"},{"taxonomy":"product_tag","embeddable":true,"href":"https:\/\/www.editoralux.com.br\/loja\/wp-json\/wp\/v2\/product_tag?post=23572"}],"curies":[{"name":"wp","href":"https:\/\/api.w.org\/{rel}","templated":true}]}}