{"id":23583,"date":"2026-04-15T15:40:55","date_gmt":"2026-04-15T18:40:55","guid":{"rendered":"https:\/\/www.editoralux.com.br\/loja\/?post_type=product&#038;p=23583"},"modified":"2026-04-15T15:40:55","modified_gmt":"2026-04-15T18:40:55","slug":"cem-sonetos","status":"publish","type":"product","link":"https:\/\/www.editoralux.com.br\/loja\/produto\/cem-sonetos\/","title":{"rendered":"Cem Sonetos"},"content":{"rendered":"<p>Cem sonetos n\u00e3o \u00e9 um limite, uma marca ou um porto de destino, mas uma viagem pela vida, desde o nascimento &#8220;Quando eu nasci&#8221; at\u00e9 seu ocaso &#8220;A luz de meu pai.<\/p>\n<p>N\u00e3o h\u00e1 um roteiro definido ou cronol\u00f3gico. O ponto de partida e o ponto de chegada n\u00e3o est\u00e3o distantes entre si. \u00c0s vezes se confundem entre o religioso e o rel\u00f3gio da exist\u00eancia, perpassando pelos costumes, ecologia, pol\u00edtica. Como disse Fernando Pessoa: o poeta \u00e9 um fingidor. Portanto o livro n\u00e3o \u00e9 uma autobiografia, mas uma an\u00e1lise po\u00e9tica da vida, com seus percal\u00e7os e conquistas, constru\u00edda sobre sonetos predominantemente decass\u00edlabos.<\/p>\n<p>A seriedade de t\u00edtulos como &#8220;Viol\u00eancia&#8221;, &#8220;Adult\u00e9rio&#8221; e &#8220;Eucaristia&#8221; contrasta com a leveza de outros como &#8220;Tantas&#8221; e &#8220;Menina&#8221; ou apaixonados como &#8220;Agridoce&#8221; e &#8220;Amor da minha vida&#8221;. Fala tamb\u00e9m da &#8220;Arte de ser poeta&#8221; faz homenagens ao &#8220;Papa Francisco e a &#8220;Mulher&#8221;, entre outras. Leia o livro e se te bater aquela &#8220;Saudade&#8221;, abra o &#8220;Velho ba\u00fa&#8221; de &#8220;Lembran\u00e7as&#8221; e reveja seu \u00e1lbum de &#8220;Fotografias&#8221;.<\/p>\n","protected":false},"excerpt":{"rendered":"<p>Cem sonetos n\u00e3o \u00e9 um limite, uma marca ou um porto de destino, mas uma viagem pela vida, desde o nascimento &#8220;Quando eu nasci&#8221; at\u00e9 seu ocaso &#8220;A luz de meu pai.<\/p>\n<p>N\u00e3o h\u00e1 um roteiro definido ou cronol\u00f3gico. O ponto de partida e o ponto de chegada n\u00e3o est\u00e3o distantes entre si. \u00c0s vezes se confundem entre o religioso e o rel\u00f3gio da exist\u00eancia, perpassando pelos costumes, ecologia, pol\u00edtica. Como disse Fernando Pessoa: o poeta \u00e9 um fingidor. Portanto o livro n\u00e3o \u00e9 uma autobiografia, mas uma an\u00e1lise po\u00e9tica da vida, com seus percal\u00e7os e conquistas, constru\u00edda sobre sonetos predominantemente decass\u00edlabos.<\/p>\n<p>A seriedade de t\u00edtulos como &#8220;Viol\u00eancia&#8221;, &#8220;Adult\u00e9rio&#8221; e &#8220;Eucaristia&#8221; contrasta com a leveza de outros como &#8220;Tantas&#8221; e &#8220;Menina&#8221; ou apaixonados como &#8220;Agridoce&#8221; e &#8220;Amor da minha vida&#8221;. Fala tamb\u00e9m da &#8220;Arte de ser poeta&#8221; faz homenagens ao &#8220;Papa Francisco e a &#8220;Mulher&#8221;, entre outras. Leia o livro e se te bater aquela &#8220;Saudade&#8221;, abra o &#8220;Velho ba\u00fa&#8221; de &#8220;Lembran\u00e7as&#8221; e reveja seu \u00e1lbum de &#8220;Fotografias&#8221;.<\/p>\n","protected":false},"featured_media":23586,"template":"","meta":{"_monsterinsights_skip_tracking":false,"_monsterinsights_sitenote_active":false,"_monsterinsights_sitenote_note":"","_monsterinsights_sitenote_category":0},"product_brand":[],"product_cat":[1502],"product_tag":[],"class_list":{"0":"post-23583","1":"product","2":"type-product","3":"status-publish","4":"has-post-thumbnail","6":"product_cat-1-literatura-brasileira-2-poesia-3-sonetos","7":"product_shipping_class-impresso","9":"first","10":"instock","11":"shipping-taxable","12":"purchasable","13":"product-type-simple"},"_links":{"self":[{"href":"https:\/\/www.editoralux.com.br\/loja\/wp-json\/wp\/v2\/product\/23583"}],"collection":[{"href":"https:\/\/www.editoralux.com.br\/loja\/wp-json\/wp\/v2\/product"}],"about":[{"href":"https:\/\/www.editoralux.com.br\/loja\/wp-json\/wp\/v2\/types\/product"}],"wp:featuredmedia":[{"embeddable":true,"href":"https:\/\/www.editoralux.com.br\/loja\/wp-json\/wp\/v2\/media\/23586"}],"wp:attachment":[{"href":"https:\/\/www.editoralux.com.br\/loja\/wp-json\/wp\/v2\/media?parent=23583"}],"wp:term":[{"taxonomy":"product_brand","embeddable":true,"href":"https:\/\/www.editoralux.com.br\/loja\/wp-json\/wp\/v2\/product_brand?post=23583"},{"taxonomy":"product_cat","embeddable":true,"href":"https:\/\/www.editoralux.com.br\/loja\/wp-json\/wp\/v2\/product_cat?post=23583"},{"taxonomy":"product_tag","embeddable":true,"href":"https:\/\/www.editoralux.com.br\/loja\/wp-json\/wp\/v2\/product_tag?post=23583"}],"curies":[{"name":"wp","href":"https:\/\/api.w.org\/{rel}","templated":true}]}}