{"id":23587,"date":"2026-04-20T12:12:55","date_gmt":"2026-04-20T15:12:55","guid":{"rendered":"https:\/\/www.editoralux.com.br\/loja\/?post_type=product&#038;p=23587"},"modified":"2026-04-20T12:14:33","modified_gmt":"2026-04-20T15:14:33","slug":"viajando-ao-passado-uma-historia-vivida-antes-de-ser-escrita","status":"publish","type":"product","link":"https:\/\/www.editoralux.com.br\/loja\/produto\/viajando-ao-passado-uma-historia-vivida-antes-de-ser-escrita\/","title":{"rendered":"Viajando Ao Passado: Uma Hist\u00f3ria Vivida Antes De Ser Escrita"},"content":{"rendered":"<p style=\"text-align: left;\">Prepare-se para uma jornada por um labirinto temporal em \u201cViajando ao Passado\u201d, de Wilson Moreira Dimartini. Com uma<br \/>\nescrita envolvente e repleta de mist\u00e9rios, voc\u00ea descobrir\u00e1 que cada escolha e emo\u00e7\u00e3o podem ter sido, de alguma forma, predeterminadas.<\/p>\n<p style=\"text-align: left;\">Mas o mais intrigante \u00e9 que, ao virar cada p\u00e1gina, voc\u00ea sentir\u00e1 que partes da sua pr\u00f3pria hist\u00f3ria ecoam nas linhas, revelando como nossas vidas, muitas vezes, s\u00e3o parecidas e se entrela\u00e7am.<\/p>\n<p style=\"text-align: left;\">Este livro vai desafiar sua percep\u00e7\u00e3o do tempo, do destino e, acima de tudo, da sua pr\u00f3pria exist\u00eancia. Uma leitura simplesmente cativante!<\/p>\n","protected":false},"excerpt":{"rendered":"<p style=\"text-align: left;\">Prepare-se para uma jornada por um labirinto temporal em \u201cViajando ao Passado\u201d, de Wilson Moreira Dimartini. Com uma<br \/>\nescrita envolvente e repleta de mist\u00e9rios, voc\u00ea descobrir\u00e1 que cada escolha e emo\u00e7\u00e3o podem ter sido, de alguma forma, predeterminadas.<\/p>\n<p style=\"text-align: left;\">Mas o mais intrigante \u00e9 que, ao virar cada p\u00e1gina, voc\u00ea sentir\u00e1 que partes da sua pr\u00f3pria hist\u00f3ria ecoam nas linhas, revelando como nossas vidas, muitas vezes, s\u00e3o parecidas e se entrela\u00e7am.<\/p>\n<p style=\"text-align: left;\">Este livro vai desafiar sua percep\u00e7\u00e3o do tempo, do destino e, acima de tudo, da sua pr\u00f3pria exist\u00eancia. Uma leitura simplesmente cativante!<\/p>\n","protected":false},"featured_media":23592,"template":"","meta":{"_monsterinsights_skip_tracking":false,"_monsterinsights_sitenote_active":false,"_monsterinsights_sitenote_note":"","_monsterinsights_sitenote_category":0},"product_brand":[],"product_cat":[1489],"product_tag":[],"class_list":{"0":"post-23587","1":"product","2":"type-product","3":"status-publish","4":"has-post-thumbnail","6":"product_cat-1-literatura-brasileira-2-memorias-3-relato-de-experiencias","7":"product_shipping_class-impresso","9":"first","10":"instock","11":"shipping-taxable","12":"purchasable","13":"product-type-simple"},"_links":{"self":[{"href":"https:\/\/www.editoralux.com.br\/loja\/wp-json\/wp\/v2\/product\/23587"}],"collection":[{"href":"https:\/\/www.editoralux.com.br\/loja\/wp-json\/wp\/v2\/product"}],"about":[{"href":"https:\/\/www.editoralux.com.br\/loja\/wp-json\/wp\/v2\/types\/product"}],"wp:featuredmedia":[{"embeddable":true,"href":"https:\/\/www.editoralux.com.br\/loja\/wp-json\/wp\/v2\/media\/23592"}],"wp:attachment":[{"href":"https:\/\/www.editoralux.com.br\/loja\/wp-json\/wp\/v2\/media?parent=23587"}],"wp:term":[{"taxonomy":"product_brand","embeddable":true,"href":"https:\/\/www.editoralux.com.br\/loja\/wp-json\/wp\/v2\/product_brand?post=23587"},{"taxonomy":"product_cat","embeddable":true,"href":"https:\/\/www.editoralux.com.br\/loja\/wp-json\/wp\/v2\/product_cat?post=23587"},{"taxonomy":"product_tag","embeddable":true,"href":"https:\/\/www.editoralux.com.br\/loja\/wp-json\/wp\/v2\/product_tag?post=23587"}],"curies":[{"name":"wp","href":"https:\/\/api.w.org\/{rel}","templated":true}]}}