{"id":23593,"date":"2026-04-20T12:40:16","date_gmt":"2026-04-20T15:40:16","guid":{"rendered":"https:\/\/www.editoralux.com.br\/loja\/?post_type=product&#038;p=23593"},"modified":"2026-04-20T12:40:16","modified_gmt":"2026-04-20T15:40:16","slug":"seja-luz","status":"publish","type":"product","link":"https:\/\/www.editoralux.com.br\/loja\/produto\/seja-luz\/","title":{"rendered":"Seja Luz"},"content":{"rendered":"<p>Seja Luz: 10 passos para despertar sua ess\u00eancia e iluminar o caminho \u00e9 um convite \u00e0 reconex\u00e3o interior e \u00e0 constru\u00e7\u00e3o de uma vida mais consciente e equilibrada. A partir de uma narrativa leg\u00edtima, acolhedora e baseada em viv\u00eancias reais, Viviam Posterli conduz o leitor por uma jornada de introspec\u00e7\u00e3o, responsabilidade pessoal e transforma\u00e7\u00e3o pr\u00e1tica.<\/p>\n<p>Estruturado em dez passos progressivos, o livro aborda temas como lucidez, supera\u00e7\u00e3o, a\u00e7\u00e3o consciente, miss\u00e3o de vida, confian\u00e7a, gratid\u00e3o e posicionamento diante das escolhas<br \/>\ncotidianas. N\u00e3o se trata de um manual de autoajuda tradicional, tampouco de uma obra religiosa ou doutrin\u00e1ria. A proposta \u00e9 oferecer uma espiritualidade acess\u00edvel, sem f\u00f3rmulas prontas, conectada \u00e0 realidade de quem vive desafios, transi\u00e7\u00f5es e recome\u00e7os<\/p>\n<p>Com linguagem clara e madura, Seja Luz prop\u00f5e reflex\u00f5es que se desdobram em a\u00e7\u00e3o, convidando o leitor a assumir o protagonismo da pr\u00f3pria trajet\u00f3ria. Um guia para quem busca sentido, equil\u00edbrio emocional e uma forma mais consciente de estar no mundo \u2014 n\u00e3o apenas para ser lido, mas para ser vivido.<\/p>\n","protected":false},"excerpt":{"rendered":"<p>Seja Luz: 10 passos para despertar sua ess\u00eancia e iluminar o caminho \u00e9 um convite \u00e0 reconex\u00e3o interior e \u00e0 constru\u00e7\u00e3o de uma vida mais consciente e equilibrada. A partir de uma narrativa leg\u00edtima, acolhedora e baseada em viv\u00eancias reais, Viviam Posterli conduz o leitor por uma jornada de introspec\u00e7\u00e3o, responsabilidade pessoal e transforma\u00e7\u00e3o pr\u00e1tica.<\/p>\n<p>Estruturado em dez passos progressivos, o livro aborda temas como lucidez, supera\u00e7\u00e3o, a\u00e7\u00e3o consciente, miss\u00e3o de vida, confian\u00e7a, gratid\u00e3o e posicionamento diante das escolhas<br \/>\ncotidianas. N\u00e3o se trata de um manual de autoajuda tradicional, tampouco de uma obra religiosa ou doutrin\u00e1ria. A proposta \u00e9 oferecer uma espiritualidade acess\u00edvel, sem f\u00f3rmulas prontas, conectada \u00e0 realidade de quem vive desafios, transi\u00e7\u00f5es e recome\u00e7os<\/p>\n<p>Com linguagem clara e madura, Seja Luz prop\u00f5e reflex\u00f5es que se desdobram em a\u00e7\u00e3o, convidando o leitor a assumir o protagonismo da pr\u00f3pria trajet\u00f3ria. Um guia para quem busca sentido, equil\u00edbrio emocional e uma forma mais consciente de estar no mundo \u2014 n\u00e3o apenas para ser lido, mas para ser vivido.<\/p>\n","protected":false},"featured_media":23596,"template":"","meta":{"_monsterinsights_skip_tracking":false,"_monsterinsights_sitenote_active":false,"_monsterinsights_sitenote_note":"","_monsterinsights_sitenote_category":0},"product_brand":[],"product_cat":[1503],"product_tag":[],"class_list":{"0":"post-23593","1":"product","2":"type-product","3":"status-publish","4":"has-post-thumbnail","6":"product_cat-1-psicologia-2-autoconhecimento-3-superacao-4-confianca-5-equilibrio","7":"product_shipping_class-impresso","9":"first","10":"instock","11":"shipping-taxable","12":"purchasable","13":"product-type-simple"},"_links":{"self":[{"href":"https:\/\/www.editoralux.com.br\/loja\/wp-json\/wp\/v2\/product\/23593"}],"collection":[{"href":"https:\/\/www.editoralux.com.br\/loja\/wp-json\/wp\/v2\/product"}],"about":[{"href":"https:\/\/www.editoralux.com.br\/loja\/wp-json\/wp\/v2\/types\/product"}],"wp:featuredmedia":[{"embeddable":true,"href":"https:\/\/www.editoralux.com.br\/loja\/wp-json\/wp\/v2\/media\/23596"}],"wp:attachment":[{"href":"https:\/\/www.editoralux.com.br\/loja\/wp-json\/wp\/v2\/media?parent=23593"}],"wp:term":[{"taxonomy":"product_brand","embeddable":true,"href":"https:\/\/www.editoralux.com.br\/loja\/wp-json\/wp\/v2\/product_brand?post=23593"},{"taxonomy":"product_cat","embeddable":true,"href":"https:\/\/www.editoralux.com.br\/loja\/wp-json\/wp\/v2\/product_cat?post=23593"},{"taxonomy":"product_tag","embeddable":true,"href":"https:\/\/www.editoralux.com.br\/loja\/wp-json\/wp\/v2\/product_tag?post=23593"}],"curies":[{"name":"wp","href":"https:\/\/api.w.org\/{rel}","templated":true}]}}