{"id":23600,"date":"2026-04-22T09:56:23","date_gmt":"2026-04-22T12:56:23","guid":{"rendered":"https:\/\/www.editoralux.com.br\/loja\/?post_type=product&#038;p=23600"},"modified":"2026-04-22T09:56:23","modified_gmt":"2026-04-22T12:56:23","slug":"narrativas-moldam-decisoes-em-organizacoes-globais-assimetria-de-informacao-visibilidade-parcial-e-governanca-em-multinacionais","status":"publish","type":"product","link":"https:\/\/www.editoralux.com.br\/loja\/produto\/narrativas-moldam-decisoes-em-organizacoes-globais-assimetria-de-informacao-visibilidade-parcial-e-governanca-em-multinacionais\/","title":{"rendered":"Narrativas moldam decis\u00f5es em organiza\u00e7\u00f5es globais: assimetria de informa\u00e7\u00e3o, visibilidade parcial e governan\u00e7a em multinacionais"},"content":{"rendered":"<p>Em organiza\u00e7\u00f5es multinacionais, a matriz raramente governa a opera\u00e7\u00e3o real. Governa relat\u00f3rios, indicadores e narrativa cuidadosamente constru\u00eddas para tornar a complexidade local administr\u00e1vel \u2013 e aceit\u00e1vel. Narrativas moldam decis\u00f5es em organiza\u00e7\u00f5es globais analisa como a realidade operacional das filiais \u00e9 progressivamente filtra da, sintetizada e reinterpretada \u00e0 medida que sobe na hierarquia corporativa.<\/p>\n<p>O livro demonstra que essa distor\u00e7\u00e3o n\u00e3o decorre de desonestidade individual, mas de racionalidade organizacional: em ambientes de visibilidade parcial, narrativas se tornam mecanismos funcionais de sobreviv\u00eancia e estabilidade.<br \/>\nAo longo dos cap\u00edtulos, a obra examina como indicadores substituem a observa\u00e7\u00e3o direta, como contextos explicativos encerram investiga\u00e7\u00f5es causais e como decis\u00f5es de suporte e ajustes incrementais preservam estruturas mesmo diante de desempenho recorrente abaixo do potencial.<\/p>\n<p>Sem adotar tom acusat\u00f3rio ou prescritivo, o livro identifica padr\u00f5es estruturais previs\u00edveis que explicam por que matrizes s\u00e3o frequentemente enganadas sem perceber e por que decis\u00f5es estrat\u00e9gicas s\u00e3o tomadas com mais confian\u00e7a do que visibilidade real. Voltada a executivos, conselheiros e lideran\u00e7as globais, a obra oferece instrumentos anal\u00edticos para decidir melhor com informa\u00e7\u00e3o incompleta, sem ampliar controle nem comprometer a autonomia local.<\/p>\n","protected":false},"excerpt":{"rendered":"<p>Em organiza\u00e7\u00f5es multinacionais, a matriz raramente governa a opera\u00e7\u00e3o real. Governa relat\u00f3rios, indicadores e narrativa cuidadosamente constru\u00eddas para tornar a complexidade local administr\u00e1vel \u2013 e aceit\u00e1vel. Narrativas moldam decis\u00f5es em organiza\u00e7\u00f5es globais analisa como a realidade operacional das filiais \u00e9 progressivamente filtra da, sintetizada e reinterpretada \u00e0 medida que sobe na hierarquia corporativa.<\/p>\n<p>O livro demonstra que essa distor\u00e7\u00e3o n\u00e3o decorre de desonestidade individual, mas de racionalidade organizacional: em ambientes de visibilidade parcial, narrativas se tornam mecanismos funcionais de sobreviv\u00eancia e estabilidade.<br \/>\nAo longo dos cap\u00edtulos, a obra examina como indicadores substituem a observa\u00e7\u00e3o direta, como contextos explicativos encerram investiga\u00e7\u00f5es causais e como decis\u00f5es de suporte e ajustes incrementais preservam estruturas mesmo diante de desempenho recorrente abaixo do potencial.<\/p>\n<p>Sem adotar tom acusat\u00f3rio ou prescritivo, o livro identifica padr\u00f5es estruturais previs\u00edveis que explicam por que matrizes s\u00e3o frequentemente enganadas sem perceber e por que decis\u00f5es estrat\u00e9gicas s\u00e3o tomadas com mais confian\u00e7a do que visibilidade real. Voltada a executivos, conselheiros e lideran\u00e7as globais, a obra oferece instrumentos anal\u00edticos para decidir melhor com informa\u00e7\u00e3o incompleta, sem ampliar controle nem comprometer a autonomia local.<\/p>\n","protected":false},"featured_media":23603,"template":"","meta":{"_monsterinsights_skip_tracking":false,"_monsterinsights_sitenote_active":false,"_monsterinsights_sitenote_note":"","_monsterinsights_sitenote_category":0},"product_brand":[],"product_cat":[1504],"product_tag":[],"class_list":{"0":"post-23600","1":"product","2":"type-product","3":"status-publish","4":"has-post-thumbnail","6":"product_cat-1-administracao-de-empresas-2-organizacao-multinacional-3-governanca-multinacional-4-gestao-local-5-tomada-de-decisao","7":"product_shipping_class-impresso","9":"first","10":"instock","11":"shipping-taxable","12":"purchasable","13":"product-type-simple"},"_links":{"self":[{"href":"https:\/\/www.editoralux.com.br\/loja\/wp-json\/wp\/v2\/product\/23600"}],"collection":[{"href":"https:\/\/www.editoralux.com.br\/loja\/wp-json\/wp\/v2\/product"}],"about":[{"href":"https:\/\/www.editoralux.com.br\/loja\/wp-json\/wp\/v2\/types\/product"}],"wp:featuredmedia":[{"embeddable":true,"href":"https:\/\/www.editoralux.com.br\/loja\/wp-json\/wp\/v2\/media\/23603"}],"wp:attachment":[{"href":"https:\/\/www.editoralux.com.br\/loja\/wp-json\/wp\/v2\/media?parent=23600"}],"wp:term":[{"taxonomy":"product_brand","embeddable":true,"href":"https:\/\/www.editoralux.com.br\/loja\/wp-json\/wp\/v2\/product_brand?post=23600"},{"taxonomy":"product_cat","embeddable":true,"href":"https:\/\/www.editoralux.com.br\/loja\/wp-json\/wp\/v2\/product_cat?post=23600"},{"taxonomy":"product_tag","embeddable":true,"href":"https:\/\/www.editoralux.com.br\/loja\/wp-json\/wp\/v2\/product_tag?post=23600"}],"curies":[{"name":"wp","href":"https:\/\/api.w.org\/{rel}","templated":true}]}}