{"id":23607,"date":"2026-04-23T08:42:53","date_gmt":"2026-04-23T11:42:53","guid":{"rendered":"https:\/\/www.editoralux.com.br\/loja\/?post_type=product&#038;p=23607"},"modified":"2026-04-23T08:42:53","modified_gmt":"2026-04-23T11:42:53","slug":"23607","status":"publish","type":"product","link":"https:\/\/www.editoralux.com.br\/loja\/produto\/23607\/","title":{"rendered":""},"content":{"rendered":"<p>Este caderno de empreendedorismo apresenta projetos desenvolvidos por alunos a partir da elabora\u00e7\u00e3o de um plano de neg\u00f3cios, ferramenta essencial para analisar a viabilidade econ\u00f4mica e financeira de um empreendimento. O material \u00e9 resultado de um projeto disciplinar que estimula o pensamento empreendedor, o planejamento estrat\u00e9gico e a compreens\u00e3o das etapas necess\u00e1rias para a cria\u00e7\u00e3o de uma microempresa.<\/p>\n<p>Ao longo do desenvolvimento dos trabalhos, foram realizadas pesquisas de mercado, levantamento de dados econ\u00f4micos e culturais, al\u00e9m da constru\u00e7\u00e3o de planos estruturados que incluem organiza\u00e7\u00e3o administrativa, planejamento de marketing, planejamento financeiro e operacional.<\/p>\n<p>Entre os diversos projetos elaborados, este e-book re\u00fane cinco planos de neg\u00f3cios selecionados em diferentes \u00e1reas: floricultura, loja de suplementa\u00e7\u00e3o alimentar, loja de produtos agropecu\u00e1rios, lava-jato e padaria. Cada proposta apresenta estudos e an\u00e1lises que demonstram o potencial e os desafios de cada empreendimento.<\/p>\n","protected":false},"excerpt":{"rendered":"<p>Este caderno de empreendedorismo apresenta projetos desenvolvidos por alunos a partir da elabora\u00e7\u00e3o de um plano de neg\u00f3cios, ferramenta essencial para analisar a viabilidade econ\u00f4mica e financeira de um empreendimento. O material \u00e9 resultado de um projeto disciplinar que estimula o pensamento empreendedor, o planejamento estrat\u00e9gico e a compreens\u00e3o das etapas necess\u00e1rias para a cria\u00e7\u00e3o de uma microempresa.<\/p>\n<p>Ao longo do desenvolvimento dos trabalhos, foram realizadas pesquisas de mercado, levantamento de dados econ\u00f4micos e culturais, al\u00e9m da constru\u00e7\u00e3o de planos estruturados que incluem organiza\u00e7\u00e3o administrativa, planejamento de marketing, planejamento financeiro e operacional.<\/p>\n<p>Entre os diversos projetos elaborados, este e-book re\u00fane cinco planos de neg\u00f3cios selecionados em diferentes \u00e1reas: floricultura, loja de suplementa\u00e7\u00e3o alimentar, loja de produtos agropecu\u00e1rios, lava-jato e padaria. Cada proposta apresenta estudos e an\u00e1lises que demonstram o potencial e os desafios de cada empreendimento.<\/p>\n","protected":false},"featured_media":23610,"template":"","meta":{"_monsterinsights_skip_tracking":false,"_monsterinsights_sitenote_active":false,"_monsterinsights_sitenote_note":"","_monsterinsights_sitenote_category":0},"product_brand":[],"product_cat":[1505],"product_tag":[],"class_list":{"0":"post-23607","1":"product","2":"type-product","3":"status-publish","4":"has-post-thumbnail","6":"product_cat-1-administracao-de-empresas-2-empreendedorismo-3-plano-de-negocios-4-planejamento-estrategico-5-projetos","7":"product_shipping_class-impresso","9":"first","10":"instock","11":"shipping-taxable","12":"purchasable","13":"product-type-simple"},"_links":{"self":[{"href":"https:\/\/www.editoralux.com.br\/loja\/wp-json\/wp\/v2\/product\/23607"}],"collection":[{"href":"https:\/\/www.editoralux.com.br\/loja\/wp-json\/wp\/v2\/product"}],"about":[{"href":"https:\/\/www.editoralux.com.br\/loja\/wp-json\/wp\/v2\/types\/product"}],"wp:featuredmedia":[{"embeddable":true,"href":"https:\/\/www.editoralux.com.br\/loja\/wp-json\/wp\/v2\/media\/23610"}],"wp:attachment":[{"href":"https:\/\/www.editoralux.com.br\/loja\/wp-json\/wp\/v2\/media?parent=23607"}],"wp:term":[{"taxonomy":"product_brand","embeddable":true,"href":"https:\/\/www.editoralux.com.br\/loja\/wp-json\/wp\/v2\/product_brand?post=23607"},{"taxonomy":"product_cat","embeddable":true,"href":"https:\/\/www.editoralux.com.br\/loja\/wp-json\/wp\/v2\/product_cat?post=23607"},{"taxonomy":"product_tag","embeddable":true,"href":"https:\/\/www.editoralux.com.br\/loja\/wp-json\/wp\/v2\/product_tag?post=23607"}],"curies":[{"name":"wp","href":"https:\/\/api.w.org\/{rel}","templated":true}]}}