{"id":23622,"date":"2026-05-04T12:38:10","date_gmt":"2026-05-04T15:38:10","guid":{"rendered":"https:\/\/www.editoralux.com.br\/loja\/?post_type=product&#038;p=23622"},"modified":"2026-05-04T12:47:27","modified_gmt":"2026-05-04T15:47:27","slug":"cultura-de-seguranca-no-mundo-condominial-seguranca-responsabilidade-compartilhada","status":"publish","type":"product","link":"https:\/\/www.editoralux.com.br\/loja\/produto\/cultura-de-seguranca-no-mundo-condominial-seguranca-responsabilidade-compartilhada\/","title":{"rendered":"Cultura de seguran\u00e7a no mundo condominial: Seguran\u00e7a responsabilidade compartilhada"},"content":{"rendered":"<p>Voc\u00ea j\u00e1 refletiu sobre o quanto seu condom\u00ednio est\u00e1 preparado para enfrentar os desafios da viol\u00eancia urbana? Ser\u00e1<br \/>\nque apenas c\u00e2meras e portarias garantem a tranquilidade dos moradores? Quem deve assumir a responsabilidade pela prote\u00e7\u00e3o: o s\u00edndico, os \u00f3rg\u00e3os p\u00fablicos ou cada integrante do mundo condominial?<\/p>\n<p>Nesta obra, Sargento Harley apresenta um olhar pr\u00e1tico e inovador sobre como transformar contextos sociais em espa\u00e7os<br \/>\nseguros, resilientes e inclusivos. A participa\u00e7\u00e3o efetiva em projetos como a Rede Comunidade Segura e campanhas<br \/>\ncomo Mulheres Seguras \u2013 Condom\u00ednio Cidad\u00e3o, Condom\u00ednio Seguro \u2013 Cidade Segura demonstra que a verdadeira seguran\u00e7a nasce da coopera\u00e7\u00e3o e da responsabilidade compartilhada.<\/p>\n<p>Com linguagem clara e exemplos reais, o livro revela estrat\u00e9gias que j\u00e1 impactaram centenas de condom\u00ednios e milhares de moradores, mostrando que a cultura de seguran\u00e7a \u00e9 constru\u00edda no dia a dia, por meio da integra\u00e7\u00e3o entre gestores, moradores e \u00f3rg\u00e3os p\u00fablicos.<\/p>\n<p>Mais do que um guia, esta obra \u00e9 um chamado \u00e0 a\u00e7\u00e3o: sua comunidade est\u00e1 preparada para assumir o compromisso de ser protagonista na constru\u00e7\u00e3o de um condom\u00ednio seguro e de uma cidade mais protegida?<\/p>\n","protected":false},"excerpt":{"rendered":"<p>Voc\u00ea j\u00e1 refletiu sobre o quanto seu condom\u00ednio est\u00e1 preparado para enfrentar os desafios da viol\u00eancia urbana? Ser\u00e1<br \/>\nque apenas c\u00e2meras e portarias garantem a tranquilidade dos moradores? Quem deve assumir a responsabilidade pela prote\u00e7\u00e3o: o s\u00edndico, os \u00f3rg\u00e3os p\u00fablicos ou cada integrante do mundo condominial?<\/p>\n<p>Nesta obra, Sargento Harley apresenta um olhar pr\u00e1tico e inovador sobre como transformar contextos sociais em espa\u00e7os<br \/>\nseguros, resilientes e inclusivos. A participa\u00e7\u00e3o efetiva em projetos como a Rede Comunidade Segura e campanhas<br \/>\ncomo Mulheres Seguras \u2013 Condom\u00ednio Cidad\u00e3o, Condom\u00ednio Seguro \u2013 Cidade Segura demonstra que a verdadeira seguran\u00e7a nasce da coopera\u00e7\u00e3o e da responsabilidade compartilhada.<\/p>\n<p>Com linguagem clara e exemplos reais, o livro revela estrat\u00e9gias que j\u00e1 impactaram centenas de condom\u00ednios e milhares de moradores, mostrando que a cultura de seguran\u00e7a \u00e9 constru\u00edda no dia a dia, por meio da integra\u00e7\u00e3o entre gestores, moradores e \u00f3rg\u00e3os p\u00fablicos.<\/p>\n<p>Mais do que um guia, esta obra \u00e9 um chamado \u00e0 a\u00e7\u00e3o: sua comunidade est\u00e1 preparada para assumir o compromisso de ser protagonista na constru\u00e7\u00e3o de um condom\u00ednio seguro e de uma cidade mais protegida?<\/p>\n","protected":false},"featured_media":23625,"template":"","meta":{"_monsterinsights_skip_tracking":false,"_monsterinsights_sitenote_active":false,"_monsterinsights_sitenote_note":"","_monsterinsights_sitenote_category":0},"product_brand":[],"product_cat":[15],"product_tag":[],"class_list":{"0":"post-23622","1":"product","2":"type-product","3":"status-publish","4":"has-post-thumbnail","6":"product_cat-sem-categoria","7":"product_shipping_class-impresso","8":"pa_autor-harley-glaucio-barcelos-de-moura","10":"first","11":"instock","12":"shipping-taxable","13":"purchasable","14":"product-type-simple"},"_links":{"self":[{"href":"https:\/\/www.editoralux.com.br\/loja\/wp-json\/wp\/v2\/product\/23622"}],"collection":[{"href":"https:\/\/www.editoralux.com.br\/loja\/wp-json\/wp\/v2\/product"}],"about":[{"href":"https:\/\/www.editoralux.com.br\/loja\/wp-json\/wp\/v2\/types\/product"}],"wp:featuredmedia":[{"embeddable":true,"href":"https:\/\/www.editoralux.com.br\/loja\/wp-json\/wp\/v2\/media\/23625"}],"wp:attachment":[{"href":"https:\/\/www.editoralux.com.br\/loja\/wp-json\/wp\/v2\/media?parent=23622"}],"wp:term":[{"taxonomy":"product_brand","embeddable":true,"href":"https:\/\/www.editoralux.com.br\/loja\/wp-json\/wp\/v2\/product_brand?post=23622"},{"taxonomy":"product_cat","embeddable":true,"href":"https:\/\/www.editoralux.com.br\/loja\/wp-json\/wp\/v2\/product_cat?post=23622"},{"taxonomy":"product_tag","embeddable":true,"href":"https:\/\/www.editoralux.com.br\/loja\/wp-json\/wp\/v2\/product_tag?post=23622"}],"curies":[{"name":"wp","href":"https:\/\/api.w.org\/{rel}","templated":true}]}}